{"id":106,"date":"2025-08-14T19:24:35","date_gmt":"2025-08-14T17:24:35","guid":{"rendered":"http:\/\/192.168.1.37\/?page_id=106"},"modified":"2025-08-18T17:28:57","modified_gmt":"2025-08-18T15:28:57","slug":"qui-suis-je","status":"publish","type":"page","link":"https:\/\/ecloreave.fr\/index.php\/qui-suis-je\/","title":{"rendered":"Qui suis-je"},"content":{"rendered":"\t\t<div data-elementor-type=\"wp-page\" data-elementor-id=\"106\" class=\"elementor elementor-106\" data-elementor-post-type=\"page\">\n\t\t\t\t<div class=\"elementor-element elementor-element-6e1463d e-flex e-con-boxed e-con e-parent\" data-id=\"6e1463d\" data-element_type=\"container\" data-e-type=\"container\">\n\t\t\t\t\t<div class=\"e-con-inner\">\n\t\t\t\t<div class=\"elementor-element elementor-element-b6e6cb4 elementor-widget elementor-widget-spacer\" data-id=\"b6e6cb4\" data-element_type=\"widget\" data-e-type=\"widget\" data-widget_type=\"spacer.default\">\n\t\t\t\t\t\t\t<div class=\"elementor-spacer\">\n\t\t\t<div class=\"elementor-spacer-inner\"><\/div>\n\t\t<\/div>\n\t\t\t\t\t\t<\/div>\n\t\t\t\t\t<\/div>\n\t\t\t\t<\/div>\n\t\t<div class=\"elementor-element elementor-element-90878bc e-flex e-con-boxed e-con e-parent\" data-id=\"90878bc\" data-element_type=\"container\" data-e-type=\"container\">\n\t\t\t\t\t<div class=\"e-con-inner\">\n\t\t<div class=\"elementor-element elementor-element-5d75bf8 e-con-full e-flex e-con e-child\" data-id=\"5d75bf8\" data-element_type=\"container\" data-e-type=\"container\" data-settings=\"{&quot;background_background&quot;:&quot;gradient&quot;}\">\n\t\t<div class=\"elementor-element elementor-element-b7e3dad e-con-full e-flex e-con e-child\" data-id=\"b7e3dad\" data-element_type=\"container\" data-e-type=\"container\">\n\t\t<div class=\"elementor-element elementor-element-729cc71 e-con-full e-flex e-con e-child\" data-id=\"729cc71\" data-element_type=\"container\" data-e-type=\"container\">\n\t\t\t\t<div class=\"elementor-element elementor-element-0c72271 elementor-nav-menu__align-end elementor-nav-menu--dropdown-tablet elementor-nav-menu__text-align-aside elementor-nav-menu--toggle elementor-nav-menu--burger elementor-widget elementor-widget-nav-menu\" data-id=\"0c72271\" data-element_type=\"widget\" data-e-type=\"widget\" data-settings=\"{&quot;layout&quot;:&quot;horizontal&quot;,&quot;submenu_icon&quot;:{&quot;value&quot;:&quot;&lt;svg aria-hidden=\\&quot;true\\&quot; class=\\&quot;e-font-icon-svg e-fas-caret-down\\&quot; viewBox=\\&quot;0 0 320 512\\&quot; xmlns=\\&quot;http:\\\/\\\/www.w3.org\\\/2000\\\/svg\\&quot;&gt;&lt;path d=\\&quot;M31.3 192h257.3c17.8 0 26.7 21.5 14.1 34.1L174.1 354.8c-7.8 7.8-20.5 7.8-28.3 0L17.2 226.1C4.6 213.5 13.5 192 31.3 192z\\&quot;&gt;&lt;\\\/path&gt;&lt;\\\/svg&gt;&quot;,&quot;library&quot;:&quot;fa-solid&quot;},&quot;toggle&quot;:&quot;burger&quot;}\" data-widget_type=\"nav-menu.default\">\n\t\t\t\t\t\t\t\t<nav aria-label=\"Menu\" class=\"elementor-nav-menu--main elementor-nav-menu__container elementor-nav-menu--layout-horizontal e--pointer-text e--animation-grow\">\r\n\t\t\t\t<ul id=\"menu-1-0c72271\" class=\"elementor-nav-menu\"><li class=\"menu-item menu-item-type-post_type menu-item-object-page menu-item-home menu-item-353\"><a href=\"https:\/\/ecloreave.fr\/\" class=\"elementor-item menu-link\">Accueil<\/a><\/li>\n<li class=\"menu-item menu-item-type-post_type menu-item-object-page menu-item-114\"><a href=\"https:\/\/ecloreave.fr\/index.php\/qui-suis-je\/\" class=\"elementor-item menu-link\">Qui suis-je<\/a><\/li>\n<li class=\"menu-item menu-item-type-post_type menu-item-object-page menu-item-902\"><a href=\"https:\/\/ecloreave.fr\/index.php\/blog\/\" class=\"elementor-item menu-link\">blog<\/a><\/li>\n<li class=\"menu-item menu-item-type-post_type menu-item-object-page menu-item-113\"><a href=\"https:\/\/ecloreave.fr\/index.php\/mes-services\/\" class=\"elementor-item menu-link\">Mes services<\/a><\/li>\n<li class=\"menu-item menu-item-type-post_type menu-item-object-page menu-item-320\"><a href=\"https:\/\/ecloreave.fr\/index.php\/contact\/\" class=\"elementor-item menu-link\">Contact<\/a><\/li>\n<\/ul>\t\t\t<\/nav>\r\n\t\t\t\t\t<div class=\"elementor-menu-toggle\" role=\"button\" tabindex=\"0\" aria-label=\"Menu Toggle\" aria-expanded=\"false\">\r\n\t\t\t<svg aria-hidden=\"true\" role=\"presentation\" class=\"elementor-menu-toggle__icon--open e-font-icon-svg e-eicon-menu-bar\" viewBox=\"0 0 1000 1000\" xmlns=\"http:\/\/www.w3.org\/2000\/svg\"><path d=\"M104 333H896C929 333 958 304 958 271S929 208 896 208H104C71 208 42 237 42 271S71 333 104 333ZM104 583H896C929 583 958 554 958 521S929 458 896 458H104C71 458 42 487 42 521S71 583 104 583ZM104 833H896C929 833 958 804 958 771S929 708 896 708H104C71 708 42 737 42 771S71 833 104 833Z\"><\/path><\/svg><svg aria-hidden=\"true\" role=\"presentation\" class=\"elementor-menu-toggle__icon--close e-font-icon-svg e-eicon-close\" viewBox=\"0 0 1000 1000\" xmlns=\"http:\/\/www.w3.org\/2000\/svg\"><path d=\"M742 167L500 408 258 167C246 154 233 150 217 150 196 150 179 158 167 167 154 179 150 196 150 212 150 229 154 242 171 254L408 500 167 742C138 771 138 800 167 829 196 858 225 858 254 829L496 587 738 829C750 842 767 846 783 846 800 846 817 842 829 829 842 817 846 804 846 783 846 767 842 750 829 737L588 500 833 258C863 229 863 200 833 171 804 137 775 137 742 167Z\"><\/path><\/svg>\t\t<\/div>\r\n\t\t\t\t\t<nav class=\"elementor-nav-menu--dropdown elementor-nav-menu__container\" aria-hidden=\"true\">\r\n\t\t\t\t<ul id=\"menu-2-0c72271\" class=\"elementor-nav-menu\"><li class=\"menu-item menu-item-type-post_type menu-item-object-page menu-item-home menu-item-353\"><a href=\"https:\/\/ecloreave.fr\/\" class=\"elementor-item menu-link\" tabindex=\"-1\">Accueil<\/a><\/li>\n<li class=\"menu-item menu-item-type-post_type menu-item-object-page menu-item-114\"><a href=\"https:\/\/ecloreave.fr\/index.php\/qui-suis-je\/\" class=\"elementor-item menu-link\" tabindex=\"-1\">Qui suis-je<\/a><\/li>\n<li class=\"menu-item menu-item-type-post_type menu-item-object-page menu-item-902\"><a href=\"https:\/\/ecloreave.fr\/index.php\/blog\/\" class=\"elementor-item menu-link\" tabindex=\"-1\">blog<\/a><\/li>\n<li class=\"menu-item menu-item-type-post_type menu-item-object-page menu-item-113\"><a href=\"https:\/\/ecloreave.fr\/index.php\/mes-services\/\" class=\"elementor-item menu-link\" tabindex=\"-1\">Mes services<\/a><\/li>\n<li class=\"menu-item menu-item-type-post_type menu-item-object-page menu-item-320\"><a href=\"https:\/\/ecloreave.fr\/index.php\/contact\/\" class=\"elementor-item menu-link\" tabindex=\"-1\">Contact<\/a><\/li>\n<\/ul>\t\t\t<\/nav>\r\n\t\t\t\t\t\t<\/div>\n\t\t\t\t<\/div>\n\t\t<div class=\"elementor-element elementor-element-31e5b8c e-con-full e-flex e-con e-child\" data-id=\"31e5b8c\" data-element_type=\"container\" data-e-type=\"container\">\n\t\t\t\t<div class=\"elementor-element elementor-element-0ff7fb1 elementor-widget elementor-widget-image\" data-id=\"0ff7fb1\" data-element_type=\"widget\" data-e-type=\"widget\" data-widget_type=\"image.default\">\n\t\t\t\t\t\t\t\t\t\t\t\t\t\t\t<img decoding=\"async\" width=\"150\" height=\"150\" src=\"https:\/\/ecloreave.fr\/wp-content\/uploads\/2025\/08\/Icone_papillon_Site-removebg-preview-150x150.png\" class=\"attachment-thumbnail size-thumbnail wp-image-504\" alt=\"\" srcset=\"https:\/\/ecloreave.fr\/wp-content\/uploads\/2025\/08\/Icone_papillon_Site-removebg-preview-150x150.png 150w, https:\/\/ecloreave.fr\/wp-content\/uploads\/2025\/08\/Icone_papillon_Site-removebg-preview-300x300.png 300w, https:\/\/ecloreave.fr\/wp-content\/uploads\/2025\/08\/Icone_papillon_Site-removebg-preview.png 500w\" sizes=\"(max-width: 150px) 100vw, 150px\" \/>\t\t\t\t\t\t\t\t\t\t\t\t\t\t\t<\/div>\n\t\t\t\t<div class=\"elementor-element elementor-element-f541fb9 elementor-widget elementor-widget-heading\" data-id=\"f541fb9\" data-element_type=\"widget\" data-e-type=\"widget\" data-widget_type=\"heading.default\">\n\t\t\t\t\t<h1 class=\"elementor-heading-title elementor-size-default\">\u00c9cloR\u00e9ave<\/h1>\t\t\t\t<\/div>\n\t\t\t\t<\/div>\n\t\t\t\t<\/div>\n\t\t<div class=\"elementor-element elementor-element-577145c e-flex e-con-boxed e-con e-child\" data-id=\"577145c\" data-element_type=\"container\" data-e-type=\"container\">\n\t\t\t\t\t<div class=\"e-con-inner\">\n\t\t<div class=\"elementor-element elementor-element-bc19413 e-flex e-con-boxed e-con e-child\" data-id=\"bc19413\" data-element_type=\"container\" data-e-type=\"container\" data-settings=\"{&quot;background_background&quot;:&quot;classic&quot;}\">\n\t\t\t\t\t<div class=\"e-con-inner\">\n\t\t\t\t<div class=\"elementor-element elementor-element-dfa3314 elementor-widget elementor-widget-heading\" data-id=\"dfa3314\" data-element_type=\"widget\" data-e-type=\"widget\" data-widget_type=\"heading.default\">\n\t\t\t\t\t<h2 class=\"elementor-heading-title elementor-size-default\">Qui Suis-je<\/h2>\t\t\t\t<\/div>\n\t\t\t\t<div class=\"elementor-element elementor-element-b250e40 elementor-widget elementor-widget-text-editor\" data-id=\"b250e40\" data-element_type=\"widget\" data-e-type=\"widget\" data-widget_type=\"text-editor.default\">\n\t\t\t\t\t\t\t\t\t<p>Je m&rsquo;appelle Vanessa, j&rsquo;ai 40 ans et je viens de me lancer dans le coaching de vie. Mes dipl\u00f4mes m&rsquo;ont permis de me former et je suis d\u00e9termin\u00e9e \u00e0 le faire tout le long de ma carri\u00e8re. Cela est tr\u00e8s important pour moi, afin de vous offrir le meilleur des coaching.<\/p><p>Que ce soit du c\u00f4t\u00e9 pro ou personnel, je me suis toujours comport\u00e9 comme les gens et la soci\u00e9t\u00e9 le souhaitaient. Vous vous posez s\u00fbrement la question, mais pourquoi? Eh ben, pour ne pas d\u00e9ranger, pour ne pas \u00eatre rejet\u00e9e, etc&#8230; Tout \u00e7a pour qu&rsquo;\u00e0 la fin j&rsquo;en vienne \u00e0 subir ma vie et \u00e0 m&rsquo;oublier enti\u00e8rement.<\/p><p>J&rsquo;ai pris la d\u00e9cision de stopper et de enfin penser \u00e0 moi, \u00e0 ce que j&rsquo;aime et surtout \u00e0 ce que je veux faire de ma vie. Je suis toujours une personne pleine de vie, sociable, souriante, avec beaucoup d&#8217;empathie, qui appr\u00e9cie d&rsquo;aider les autres, d&rsquo;\u00eatre \u00e0 leur \u00e9coute et surtout d&rsquo;\u00eatre l\u00e0 pour eux. Je me suis rendu compte que c&rsquo;est l\u00e0 que je trouve mon \u00e9panouissement. De plus, j&rsquo;ai pass\u00e9 beaucoup de temps \u00e0 travailler dans des EHPAD, \u00e0 \u00eatre l\u00e0 pour les petits papi et mamie qui ont besoin de nous. J&rsquo;ai chang\u00e9 car on sait que les conditions sont extr\u00eamement difficiles, ainsi que les mentalit\u00e9s \u00e0 l&rsquo;int\u00e9rieur des EHPAD. C&rsquo;est l\u00e0 que je me suis dit que j&rsquo;avais ma place aupr\u00e8s\u00a0 de ceux qui ont besoin. Apporter aux gens l&rsquo;aide qu&rsquo;ils n&rsquo;arrivent pas \u00e0 trouver au fond d&rsquo;eux. Je suis une personne tr\u00e8s chaleureuse, et je vais tout mettre en oeuvre pour que vous soyez le plus d\u00e9tendu et \u00e0 l&rsquo;aise pendant mes s\u00e9ances. Que vous puissiez vous exprimer pleinement sans craindre ou ressentir de honte, car nous ne sommes pas l\u00e0 pour \u00eatre juger. H\u00e2te de commencer cette aventure avec vous.<\/p>\t\t\t\t\t\t\t\t<\/div>\n\t\t\t\t\t<\/div>\n\t\t\t\t<\/div>\n\t\t<div class=\"elementor-element elementor-element-7931a01 e-con-full e-flex e-con e-child\" data-id=\"7931a01\" data-element_type=\"container\" data-e-type=\"container\" data-settings=\"{&quot;background_background&quot;:&quot;classic&quot;}\">\n\t\t\t\t<div class=\"elementor-element elementor-element-6ae65e4 elementor-widget elementor-widget-image\" data-id=\"6ae65e4\" data-element_type=\"widget\" data-e-type=\"widget\" data-widget_type=\"image.default\">\n\t\t\t\t\t\t\t\t\t\t\t\t\t\t\t<img fetchpriority=\"high\" decoding=\"async\" width=\"666\" height=\"374\" src=\"https:\/\/ecloreave.fr\/wp-content\/uploads\/2025\/08\/peinture-coloree-papillon_665280-283-removebg-preview.png\" class=\"attachment-full size-full wp-image-571\" alt=\"\" srcset=\"https:\/\/ecloreave.fr\/wp-content\/uploads\/2025\/08\/peinture-coloree-papillon_665280-283-removebg-preview.png 666w, https:\/\/ecloreave.fr\/wp-content\/uploads\/2025\/08\/peinture-coloree-papillon_665280-283-removebg-preview-300x168.png 300w\" sizes=\"(max-width: 666px) 100vw, 666px\" \/>\t\t\t\t\t\t\t\t\t\t\t\t\t\t\t<\/div>\n\t\t\t\t<\/div>\n\t\t\t\t\t<\/div>\n\t\t\t\t<\/div>\n\t\t<div class=\"elementor-element elementor-element-fb5d8d7 e-con-full e-flex e-con e-child\" data-id=\"fb5d8d7\" data-element_type=\"container\" data-e-type=\"container\">\n\t\t<div class=\"elementor-element elementor-element-fe0138f e-flex e-con-boxed e-con e-child\" data-id=\"fe0138f\" data-element_type=\"container\" data-e-type=\"container\">\n\t\t\t\t\t<div class=\"e-con-inner\">\n\t\t\t\t<div class=\"elementor-element elementor-element-28e1f25 elementor-widget elementor-widget-heading\" data-id=\"28e1f25\" data-element_type=\"widget\" data-e-type=\"widget\" data-widget_type=\"heading.default\">\n\t\t\t\t\t<h2 class=\"elementor-heading-title elementor-size-default\">Signification:<\/h2>\t\t\t\t<\/div>\n\t\t\t\t<div class=\"elementor-element elementor-element-818436a elementor-widget elementor-widget-text-editor\" data-id=\"818436a\" data-element_type=\"widget\" data-e-type=\"widget\" data-widget_type=\"text-editor.default\">\n\t\t\t\t\t\t\t\t\t<h3>\ud83c\udf38 <strong>\u00c9cloR\u00e9ave<\/strong><\/h3><p>Origine :<\/p><p>\u00ab\u00a0\u00c9clo\u00a0\u00bb vient du mot \u00e9closion, qui symbolise la naissance, le renouveau, l\u2019ouverture \u00e0 soi et au monde.<\/p><p>\u00ab\u00a0R\u00e9ave\u00a0\u00bb est une terminaison douce et f\u00e9minine, qui \u00e9voque un voyage int\u00e9rieur, d&rsquo;une aspiration d&rsquo;un chemin que l&rsquo;on construit.<\/p><h3 data-start=\"453\" data-end=\"479\">\u2728 Ce que \u00e7a \u00e9voque :<\/h3><p data-start=\"482\" data-end=\"531\">La <strong data-start=\"485\" data-end=\"508\">naissance d\u2019un r\u00eave<\/strong> qui devient r\u00e9alit\u00e9.<\/p><p data-start=\"534\" data-end=\"601\">Un <strong data-start=\"537\" data-end=\"567\">chemin doux mais d\u00e9termin\u00e9<\/strong> vers ses aspirations profondes.<\/p><p data-start=\"604\" data-end=\"664\">L\u2019id\u00e9e de <strong data-start=\"614\" data-end=\"635\">tisser son avenir<\/strong> avec lumi\u00e8re et confiance.<\/p><p data-start=\"667\" data-end=\"783\">Une entreprise qui incarne l\u2019<strong data-start=\"696\" data-end=\"714\">accompagnement<\/strong>, la <strong data-start=\"719\" data-end=\"733\">cr\u00e9ativit\u00e9<\/strong> et le <strong data-start=\"740\" data-end=\"780\">renouveau personnel ou professionnel<\/strong>.<\/p><h3 data-start=\"790\" data-end=\"810\">\ud83d\udcac En r\u00e9sum\u00e9 :<\/h3><p data-start=\"811\" data-end=\"1059\"><strong data-start=\"811\" data-end=\"824\">\u00c9cloR\u00e9ave<\/strong>, c\u2019est l\u2019\u00e9lan d\u2019oser \u00e9clore \u00e0 soi-m\u00eame tout en donnant vie \u00e0 ses r\u00eaves.<br data-start=\"896\" data-end=\"899\" \/>C\u2019est la promesse d\u2019une transformation lumineuse, o\u00f9 l\u2019imaginaire devient concret, et o\u00f9 chaque personne trouve la force d\u2019aligner ses envies avec son chemin.<\/p>\t\t\t\t\t\t\t\t<\/div>\n\t\t\t\t\t<\/div>\n\t\t\t\t<\/div>\n\t\t<div class=\"elementor-element elementor-element-8cd7737 e-con-full e-flex e-con e-child\" data-id=\"8cd7737\" data-element_type=\"container\" data-e-type=\"container\">\n\t\t\t\t<div class=\"elementor-element elementor-element-cab2e4e elementor-widget elementor-widget-image\" data-id=\"cab2e4e\" data-element_type=\"widget\" data-e-type=\"widget\" data-widget_type=\"image.default\">\n\t\t\t\t\t\t\t\t\t\t\t\t\t\t\t<img decoding=\"async\" width=\"348\" height=\"493\" src=\"https:\/\/ecloreave.fr\/wp-content\/uploads\/2025\/08\/png-clipart-butterfly-color-colorful-butterfly-pattern-watercolor-painting-color-splash-thumbnail-removebg-preview.png\" class=\"attachment-full size-full wp-image-538\" alt=\"\" srcset=\"https:\/\/ecloreave.fr\/wp-content\/uploads\/2025\/08\/png-clipart-butterfly-color-colorful-butterfly-pattern-watercolor-painting-color-splash-thumbnail-removebg-preview.png 348w, https:\/\/ecloreave.fr\/wp-content\/uploads\/2025\/08\/png-clipart-butterfly-color-colorful-butterfly-pattern-watercolor-painting-color-splash-thumbnail-removebg-preview-212x300.png 212w\" sizes=\"(max-width: 348px) 100vw, 348px\" \/>\t\t\t\t\t\t\t\t\t\t\t\t\t\t\t<\/div>\n\t\t\t\t<\/div>\n\t\t\t\t<\/div>\n\t\t\t\t<\/div>\n\t\t\t\t\t<\/div>\n\t\t\t\t<\/div>\n\t\t<div class=\"elementor-element elementor-element-e91d308 e-flex e-con-boxed e-con e-parent\" data-id=\"e91d308\" data-element_type=\"container\" data-e-type=\"container\">\n\t\t\t\t\t<div class=\"e-con-inner\">\n\t\t\t\t<div class=\"elementor-element elementor-element-195852e elementor-widget elementor-widget-spacer\" data-id=\"195852e\" data-element_type=\"widget\" data-e-type=\"widget\" data-widget_type=\"spacer.default\">\n\t\t\t\t\t\t\t<div class=\"elementor-spacer\">\n\t\t\t<div class=\"elementor-spacer-inner\"><\/div>\n\t\t<\/div>\n\t\t\t\t\t\t<\/div>\n\t\t\t\t\t<\/div>\n\t\t\t\t<\/div>\n\t\t\t\t<\/div>\n\t\t","protected":false},"excerpt":{"rendered":"<p>\u00c9cloR\u00e9ave Qui Suis-je Je m&rsquo;appelle Vanessa, j&rsquo;ai 40 ans et je viens de me lancer dans le coaching de vie. [&hellip;]<\/p>\n","protected":false},"author":1,"featured_media":0,"parent":0,"menu_order":0,"comment_status":"closed","ping_status":"closed","template":"","meta":{"site-sidebar-layout":"no-sidebar","site-content-layout":"","ast-site-content-layout":"full-width-container","site-content-style":"default","site-sidebar-style":"default","ast-global-header-display":"","ast-banner-title-visibility":"","ast-main-header-display":"","ast-hfb-above-header-display":"","ast-hfb-below-header-display":"","ast-hfb-mobile-header-display":"","site-post-title":"disabled","ast-breadcrumbs-content":"","ast-featured-img":"disabled","footer-sml-layout":"","ast-disable-related-posts":"","theme-transparent-header-meta":"","adv-header-id-meta":"","stick-header-meta":"","header-above-stick-meta":"","header-main-stick-meta":"","header-below-stick-meta":"","astra-migrate-meta-layouts":"default","ast-page-background-enabled":"default","ast-page-background-meta":{"desktop":{"background-color":"var(--ast-global-color-5)","background-image":"","background-repeat":"repeat","background-position":"center center","background-size":"auto","background-attachment":"scroll","background-type":"","background-media":"","overlay-type":"","overlay-color":"","overlay-opacity":"","overlay-gradient":""},"tablet":{"background-color":"","background-image":"","background-repeat":"repeat","background-position":"center center","background-size":"auto","background-attachment":"scroll","background-type":"","background-media":"","overlay-type":"","overlay-color":"","overlay-opacity":"","overlay-gradient":""},"mobile":{"background-color":"","background-image":"","background-repeat":"repeat","background-position":"center center","background-size":"auto","background-attachment":"scroll","background-type":"","background-media":"","overlay-type":"","overlay-color":"","overlay-opacity":"","overlay-gradient":""}},"ast-content-background-meta":{"desktop":{"background-color":"var(--ast-global-color-4)","background-image":"","background-repeat":"repeat","background-position":"center center","background-size":"auto","background-attachment":"scroll","background-type":"","background-media":"","overlay-type":"","overlay-color":"","overlay-opacity":"","overlay-gradient":""},"tablet":{"background-color":"var(--ast-global-color-4)","background-image":"","background-repeat":"repeat","background-position":"center center","background-size":"auto","background-attachment":"scroll","background-type":"","background-media":"","overlay-type":"","overlay-color":"","overlay-opacity":"","overlay-gradient":""},"mobile":{"background-color":"var(--ast-global-color-4)","background-image":"","background-repeat":"repeat","background-position":"center center","background-size":"auto","background-attachment":"scroll","background-type":"","background-media":"","overlay-type":"","overlay-color":"","overlay-opacity":"","overlay-gradient":""}},"footnotes":""},"class_list":["post-106","page","type-page","status-publish","hentry"],"_links":{"self":[{"href":"https:\/\/ecloreave.fr\/index.php\/wp-json\/wp\/v2\/pages\/106","targetHints":{"allow":["GET"]}}],"collection":[{"href":"https:\/\/ecloreave.fr\/index.php\/wp-json\/wp\/v2\/pages"}],"about":[{"href":"https:\/\/ecloreave.fr\/index.php\/wp-json\/wp\/v2\/types\/page"}],"author":[{"embeddable":true,"href":"https:\/\/ecloreave.fr\/index.php\/wp-json\/wp\/v2\/users\/1"}],"replies":[{"embeddable":true,"href":"https:\/\/ecloreave.fr\/index.php\/wp-json\/wp\/v2\/comments?post=106"}],"version-history":[{"count":77,"href":"https:\/\/ecloreave.fr\/index.php\/wp-json\/wp\/v2\/pages\/106\/revisions"}],"predecessor-version":[{"id":689,"href":"https:\/\/ecloreave.fr\/index.php\/wp-json\/wp\/v2\/pages\/106\/revisions\/689"}],"wp:attachment":[{"href":"https:\/\/ecloreave.fr\/index.php\/wp-json\/wp\/v2\/media?parent=106"}],"curies":[{"name":"wp","href":"https:\/\/api.w.org\/{rel}","templated":true}]}}