{"id":1073,"date":"2025-08-30T13:16:56","date_gmt":"2025-08-30T11:16:56","guid":{"rendered":"https:\/\/ecloreave.fr\/?page_id=1073"},"modified":"2025-08-30T13:52:06","modified_gmt":"2025-08-30T11:52:06","slug":"cgv","status":"publish","type":"page","link":"https:\/\/ecloreave.fr\/index.php\/cgv\/","title":{"rendered":"CGV"},"content":{"rendered":"\t\t<div data-elementor-type=\"wp-page\" data-elementor-id=\"1073\" class=\"elementor elementor-1073\" data-elementor-post-type=\"page\">\n\t\t\t\t<div class=\"elementor-element elementor-element-fc4a532 e-flex e-con-boxed e-con e-parent\" data-id=\"fc4a532\" data-element_type=\"container\" data-e-type=\"container\">\n\t\t\t\t\t<div class=\"e-con-inner\">\n\t\t\t\t<div class=\"elementor-element elementor-element-3ef7469 elementor-widget elementor-widget-spacer\" data-id=\"3ef7469\" data-element_type=\"widget\" data-e-type=\"widget\" data-widget_type=\"spacer.default\">\n\t\t\t\t\t\t\t<div class=\"elementor-spacer\">\n\t\t\t<div class=\"elementor-spacer-inner\"><\/div>\n\t\t<\/div>\n\t\t\t\t\t\t<\/div>\n\t\t\t\t\t<\/div>\n\t\t\t\t<\/div>\n\t\t<div class=\"elementor-element elementor-element-624d991 e-flex e-con-boxed e-con e-parent\" data-id=\"624d991\" data-element_type=\"container\" data-e-type=\"container\">\n\t\t\t\t\t<div class=\"e-con-inner\">\n\t\t<div class=\"elementor-element elementor-element-9ebb848 e-flex e-con-boxed e-con e-child\" data-id=\"9ebb848\" data-element_type=\"container\" data-e-type=\"container\" data-settings=\"{&quot;background_background&quot;:&quot;gradient&quot;}\">\n\t\t\t\t\t<div class=\"e-con-inner\">\n\t\t<div class=\"elementor-element elementor-element-f24b421 e-flex e-con-boxed e-con e-child\" data-id=\"f24b421\" data-element_type=\"container\" data-e-type=\"container\">\n\t\t\t\t\t<div class=\"e-con-inner\">\n\t\t<div class=\"elementor-element elementor-element-4e89b24 e-flex e-con-boxed e-con e-child\" data-id=\"4e89b24\" data-element_type=\"container\" data-e-type=\"container\">\n\t\t\t\t\t<div class=\"e-con-inner\">\n\t\t\t\t<div class=\"elementor-element elementor-element-420bb1f elementor-widget elementor-widget-image\" data-id=\"420bb1f\" data-element_type=\"widget\" data-e-type=\"widget\" data-widget_type=\"image.default\">\n\t\t\t\t\t\t\t\t\t\t\t\t\t\t\t<img decoding=\"async\" width=\"150\" height=\"150\" src=\"https:\/\/ecloreave.fr\/wp-content\/uploads\/2025\/08\/Icone_papillon_Site-removebg-preview-150x150.png\" class=\"attachment-thumbnail size-thumbnail wp-image-504\" alt=\"\" srcset=\"https:\/\/ecloreave.fr\/wp-content\/uploads\/2025\/08\/Icone_papillon_Site-removebg-preview-150x150.png 150w, https:\/\/ecloreave.fr\/wp-content\/uploads\/2025\/08\/Icone_papillon_Site-removebg-preview-300x300.png 300w, https:\/\/ecloreave.fr\/wp-content\/uploads\/2025\/08\/Icone_papillon_Site-removebg-preview.png 500w\" sizes=\"(max-width: 150px) 100vw, 150px\" \/>\t\t\t\t\t\t\t\t\t\t\t\t\t\t\t<\/div>\n\t\t\t\t<div class=\"elementor-element elementor-element-5f6e14a elementor-widget elementor-widget-heading\" data-id=\"5f6e14a\" data-element_type=\"widget\" data-e-type=\"widget\" data-widget_type=\"heading.default\">\n\t\t\t\t\t<h1 class=\"elementor-heading-title elementor-size-default\">\u00c9cloR\u00e9ave<\/h1>\t\t\t\t<\/div>\n\t\t\t\t\t<\/div>\n\t\t\t\t<\/div>\n\t\t<div class=\"elementor-element elementor-element-0cdd582 e-flex e-con-boxed e-con e-child\" data-id=\"0cdd582\" data-element_type=\"container\" data-e-type=\"container\">\n\t\t\t\t\t<div class=\"e-con-inner\">\n\t\t\t\t<div class=\"elementor-element elementor-element-f2937b4 elementor-nav-menu__align-end elementor-nav-menu--dropdown-tablet elementor-nav-menu__text-align-aside elementor-nav-menu--toggle elementor-nav-menu--burger elementor-widget elementor-widget-nav-menu\" data-id=\"f2937b4\" data-element_type=\"widget\" data-e-type=\"widget\" data-settings=\"{&quot;layout&quot;:&quot;horizontal&quot;,&quot;submenu_icon&quot;:{&quot;value&quot;:&quot;&lt;svg aria-hidden=\\&quot;true\\&quot; class=\\&quot;e-font-icon-svg e-fas-caret-down\\&quot; viewBox=\\&quot;0 0 320 512\\&quot; xmlns=\\&quot;http:\\\/\\\/www.w3.org\\\/2000\\\/svg\\&quot;&gt;&lt;path d=\\&quot;M31.3 192h257.3c17.8 0 26.7 21.5 14.1 34.1L174.1 354.8c-7.8 7.8-20.5 7.8-28.3 0L17.2 226.1C4.6 213.5 13.5 192 31.3 192z\\&quot;&gt;&lt;\\\/path&gt;&lt;\\\/svg&gt;&quot;,&quot;library&quot;:&quot;fa-solid&quot;},&quot;toggle&quot;:&quot;burger&quot;}\" data-widget_type=\"nav-menu.default\">\n\t\t\t\t\t\t\t\t<nav aria-label=\"Menu\" class=\"elementor-nav-menu--main elementor-nav-menu__container elementor-nav-menu--layout-horizontal e--pointer-text e--animation-grow\">\r\n\t\t\t\t<ul id=\"menu-1-f2937b4\" class=\"elementor-nav-menu\"><li class=\"menu-item menu-item-type-post_type menu-item-object-page menu-item-home menu-item-353\"><a href=\"https:\/\/ecloreave.fr\/\" class=\"elementor-item menu-link\">Accueil<\/a><\/li>\n<li class=\"menu-item menu-item-type-post_type menu-item-object-page menu-item-114\"><a href=\"https:\/\/ecloreave.fr\/index.php\/qui-suis-je\/\" class=\"elementor-item menu-link\">Qui suis-je<\/a><\/li>\n<li class=\"menu-item menu-item-type-post_type menu-item-object-page menu-item-902\"><a href=\"https:\/\/ecloreave.fr\/index.php\/blog\/\" class=\"elementor-item menu-link\">blog<\/a><\/li>\n<li class=\"menu-item menu-item-type-post_type menu-item-object-page menu-item-113\"><a href=\"https:\/\/ecloreave.fr\/index.php\/mes-services\/\" class=\"elementor-item menu-link\">Mes services<\/a><\/li>\n<li class=\"menu-item menu-item-type-post_type menu-item-object-page menu-item-320\"><a href=\"https:\/\/ecloreave.fr\/index.php\/contact\/\" class=\"elementor-item menu-link\">Contact<\/a><\/li>\n<\/ul>\t\t\t<\/nav>\r\n\t\t\t\t\t<div class=\"elementor-menu-toggle\" role=\"button\" tabindex=\"0\" aria-label=\"Menu Toggle\" aria-expanded=\"false\">\r\n\t\t\t<svg aria-hidden=\"true\" role=\"presentation\" class=\"elementor-menu-toggle__icon--open e-font-icon-svg e-eicon-menu-bar\" viewBox=\"0 0 1000 1000\" xmlns=\"http:\/\/www.w3.org\/2000\/svg\"><path d=\"M104 333H896C929 333 958 304 958 271S929 208 896 208H104C71 208 42 237 42 271S71 333 104 333ZM104 583H896C929 583 958 554 958 521S929 458 896 458H104C71 458 42 487 42 521S71 583 104 583ZM104 833H896C929 833 958 804 958 771S929 708 896 708H104C71 708 42 737 42 771S71 833 104 833Z\"><\/path><\/svg><svg aria-hidden=\"true\" role=\"presentation\" class=\"elementor-menu-toggle__icon--close e-font-icon-svg e-eicon-close\" viewBox=\"0 0 1000 1000\" xmlns=\"http:\/\/www.w3.org\/2000\/svg\"><path d=\"M742 167L500 408 258 167C246 154 233 150 217 150 196 150 179 158 167 167 154 179 150 196 150 212 150 229 154 242 171 254L408 500 167 742C138 771 138 800 167 829 196 858 225 858 254 829L496 587 738 829C750 842 767 846 783 846 800 846 817 842 829 829 842 817 846 804 846 783 846 767 842 750 829 737L588 500 833 258C863 229 863 200 833 171 804 137 775 137 742 167Z\"><\/path><\/svg>\t\t<\/div>\r\n\t\t\t\t\t<nav class=\"elementor-nav-menu--dropdown elementor-nav-menu__container\" aria-hidden=\"true\">\r\n\t\t\t\t<ul id=\"menu-2-f2937b4\" class=\"elementor-nav-menu\"><li class=\"menu-item menu-item-type-post_type menu-item-object-page menu-item-home menu-item-353\"><a href=\"https:\/\/ecloreave.fr\/\" class=\"elementor-item menu-link\" tabindex=\"-1\">Accueil<\/a><\/li>\n<li class=\"menu-item menu-item-type-post_type menu-item-object-page menu-item-114\"><a href=\"https:\/\/ecloreave.fr\/index.php\/qui-suis-je\/\" class=\"elementor-item menu-link\" tabindex=\"-1\">Qui suis-je<\/a><\/li>\n<li class=\"menu-item menu-item-type-post_type menu-item-object-page menu-item-902\"><a href=\"https:\/\/ecloreave.fr\/index.php\/blog\/\" class=\"elementor-item menu-link\" tabindex=\"-1\">blog<\/a><\/li>\n<li class=\"menu-item menu-item-type-post_type menu-item-object-page menu-item-113\"><a href=\"https:\/\/ecloreave.fr\/index.php\/mes-services\/\" class=\"elementor-item menu-link\" tabindex=\"-1\">Mes services<\/a><\/li>\n<li class=\"menu-item menu-item-type-post_type menu-item-object-page menu-item-320\"><a href=\"https:\/\/ecloreave.fr\/index.php\/contact\/\" class=\"elementor-item menu-link\" tabindex=\"-1\">Contact<\/a><\/li>\n<\/ul>\t\t\t<\/nav>\r\n\t\t\t\t\t\t<\/div>\n\t\t\t\t\t<\/div>\n\t\t\t\t<\/div>\n\t\t\t\t\t<\/div>\n\t\t\t\t<\/div>\n\t\t<div class=\"elementor-element elementor-element-c07c007 e-flex e-con-boxed e-con e-child\" data-id=\"c07c007\" data-element_type=\"container\" data-e-type=\"container\">\n\t\t\t\t\t<div class=\"e-con-inner\">\n\t\t<div class=\"elementor-element elementor-element-35e2be0 e-flex e-con-boxed e-con e-child\" data-id=\"35e2be0\" data-element_type=\"container\" data-e-type=\"container\" data-settings=\"{&quot;background_background&quot;:&quot;classic&quot;}\">\n\t\t\t\t\t<div class=\"e-con-inner\">\n\t\t\t\t<div class=\"elementor-element elementor-element-79543f1 elementor-widget elementor-widget-text-editor\" data-id=\"79543f1\" data-element_type=\"widget\" data-e-type=\"widget\" data-widget_type=\"text-editor.default\">\n\t\t\t\t\t\t\t\t\t<h1 data-start=\"220\" data-end=\"241\">\ud83d\udcd1 Conditions G\u00e9n\u00e9rales de Vente (CGV) \u2013 Ecloreave<\/h1><p data-start=\"252\" data-end=\"424\"><strong data-start=\"252\" data-end=\"268\">Entreprise :<\/strong> Ecloreave<br data-start=\"278\" data-end=\"281\" \/><strong data-start=\"281\" data-end=\"293\">Statut :<\/strong> Micro-entrepreneur \/ Auto-entreprise<br data-start=\"330\" data-end=\"333\" \/><strong data-start=\"333\" data-end=\"344\">SIRET :<\/strong> [\u00e0 compl\u00e9ter]<br data-start=\"358\" data-end=\"361\" \/><strong data-start=\"361\" data-end=\"375\">Activit\u00e9 :<\/strong> Coaching de vie \u00e0 distance (t\u00e9l\u00e9phone \/ visio)<\/p>\t\t\t\t\t\t\t\t<\/div>\n\t\t\t\t<div class=\"elementor-element elementor-element-aa4613c elementor-widget-divider--view-line elementor-widget elementor-widget-divider\" data-id=\"aa4613c\" data-element_type=\"widget\" data-e-type=\"widget\" data-widget_type=\"divider.default\">\n\t\t\t\t\t\t\t<div class=\"elementor-divider\">\n\t\t\t<span class=\"elementor-divider-separator\">\n\t\t\t\t\t\t<\/span>\n\t\t<\/div>\n\t\t\t\t\t\t<\/div>\n\t\t\t\t<div class=\"elementor-element elementor-element-379755c elementor-widget elementor-widget-text-editor\" data-id=\"379755c\" data-element_type=\"widget\" data-e-type=\"widget\" data-widget_type=\"text-editor.default\">\n\t\t\t\t\t\t\t\t\t<h2 data-start=\"508\" data-end=\"534\">1. Objet<\/h2><p data-start=\"443\" data-end=\"614\">Les pr\u00e9sentes Conditions G\u00e9n\u00e9rales de Vente (CGV) r\u00e9gissent la prestation de coaching propos\u00e9e par Ecloreave. Elles d\u00e9finissent les droits et obligations de chaque partie.<\/p>\t\t\t\t\t\t\t\t<\/div>\n\t\t\t\t<div class=\"elementor-element elementor-element-900b7e1 elementor-widget-divider--view-line elementor-widget elementor-widget-divider\" data-id=\"900b7e1\" data-element_type=\"widget\" data-e-type=\"widget\" data-widget_type=\"divider.default\">\n\t\t\t\t\t\t\t<div class=\"elementor-divider\">\n\t\t\t<span class=\"elementor-divider-separator\">\n\t\t\t\t\t\t<\/span>\n\t\t<\/div>\n\t\t\t\t\t\t<\/div>\n\t\t\t\t<div class=\"elementor-element elementor-element-681f3f9 elementor-widget elementor-widget-text-editor\" data-id=\"681f3f9\" data-element_type=\"widget\" data-e-type=\"widget\" data-widget_type=\"text-editor.default\">\n\t\t\t\t\t\t\t\t\t<h2 data-start=\"895\" data-end=\"912\">2. Services propos\u00e9s<\/h2><ul data-start=\"645\" data-end=\"798\"><li data-start=\"645\" data-end=\"713\"><p data-start=\"647\" data-end=\"713\">Coaching individuel \u00e0 distance via t\u00e9l\u00e9phone ou visioconf\u00e9rence.<\/p><\/li><li data-start=\"714\" data-end=\"798\"><p data-start=\"716\" data-end=\"798\">Dur\u00e9e, contenu et fr\u00e9quence des s\u00e9ances d\u00e9finis lors de la prise de rendez-vous.<\/p><\/li><\/ul>\t\t\t\t\t\t\t\t<\/div>\n\t\t\t\t<div class=\"elementor-element elementor-element-f0014e1 elementor-widget-divider--view-line elementor-widget elementor-widget-divider\" data-id=\"f0014e1\" data-element_type=\"widget\" data-e-type=\"widget\" data-widget_type=\"divider.default\">\n\t\t\t\t\t\t\t<div class=\"elementor-divider\">\n\t\t\t<span class=\"elementor-divider-separator\">\n\t\t\t\t\t\t<\/span>\n\t\t<\/div>\n\t\t\t\t\t\t<\/div>\n\t\t\t\t<div class=\"elementor-element elementor-element-30dacf5 elementor-widget elementor-widget-text-editor\" data-id=\"30dacf5\" data-element_type=\"widget\" data-e-type=\"widget\" data-widget_type=\"text-editor.default\">\n\t\t\t\t\t\t\t\t\t<h2 data-start=\"1101\" data-end=\"1131\">3. Tarifs<\/h2><ul data-start=\"818\" data-end=\"1071\"><li data-start=\"818\" data-end=\"947\"><p data-start=\"820\" data-end=\"947\">Les tarifs des s\u00e9ances sont indiqu\u00e9s <strong data-start=\"857\" data-end=\"875\">hors taxe (HT)<\/strong>, la TVA n\u2019\u00e9tant pas applicable (franchise de TVA, art. 293 B du CGI).<\/p><\/li><li data-start=\"818\" data-end=\"947\"><p data-start=\"820\" data-end=\"947\">S\u00e9ance Coaching Perso (1h00) \u2013 50 \u20ac TTC.<\/p><\/li><li>S\u00e9ance Coaching Pro (1h00) \u2013 50 \u20ac TTC.<\/li><li>S\u00e9ance Coaching Parental (1h00) \u2013 50 \u20ac TTC.<\/li><li>S\u00e9ance Coaching Enfant en situation d&rsquo;handicap (1h00) \u2013 40 \u20ac TTC.<\/li><li>S\u00e9ance Coaching Ado\/Scolaire (1h00) \u2013 40 \u20ac TTC.<\/li><li>S\u00e9ance Coaching de Couple individuel (1h00) \u2013 40 \u20ac TTC.<\/li><li>S\u00e9ance Coaching de Couple en couple (1h00) \u2013 60 \u20ac TTC.<\/li><li data-start=\"993\" data-end=\"1071\"><p data-start=\"995\" data-end=\"1071\">Les tarifs peuvent \u00eatre r\u00e9vis\u00e9s, les clients seront inform\u00e9s au pr\u00e9alable<\/p><\/li><\/ul>\t\t\t\t\t\t\t\t<\/div>\n\t\t\t\t<div class=\"elementor-element elementor-element-1dc8b1b elementor-widget-divider--view-line elementor-widget elementor-widget-divider\" data-id=\"1dc8b1b\" data-element_type=\"widget\" data-e-type=\"widget\" data-widget_type=\"divider.default\">\n\t\t\t\t\t\t\t<div class=\"elementor-divider\">\n\t\t\t<span class=\"elementor-divider-separator\">\n\t\t\t\t\t\t<\/span>\n\t\t<\/div>\n\t\t\t\t\t\t<\/div>\n\t\t\t\t<div class=\"elementor-element elementor-element-8293855 elementor-widget elementor-widget-text-editor\" data-id=\"8293855\" data-element_type=\"widget\" data-e-type=\"widget\" data-widget_type=\"text-editor.default\">\n\t\t\t\t\t\t\t\t\t<h2 data-start=\"1524\" data-end=\"1557\">4. Paiement<\/h2><ul data-start=\"1093\" data-end=\"1358\"><li data-start=\"1093\" data-end=\"1217\"><p data-start=\"1095\" data-end=\"1217\">Le paiement doit \u00eatre effectu\u00e9 <strong data-start=\"1126\" data-end=\"1145\">avant la s\u00e9ance<\/strong>, via Stripe ou virement bancaire selon les options propos\u00e9es.<\/p><\/li><li data-start=\"1218\" data-end=\"1280\"><p data-start=\"1220\" data-end=\"1280\">La s\u00e9ance n\u2019aura lieu que <strong data-start=\"1246\" data-end=\"1277\">si le paiement est confirm\u00e9<\/strong>.<\/p><\/li><li data-start=\"1281\" data-end=\"1358\"><p data-start=\"1283\" data-end=\"1358\">En cas de non-paiement, la s\u00e9ance pourra \u00eatre annul\u00e9e sans remboursement.<\/p><\/li><\/ul>\t\t\t\t\t\t\t\t<\/div>\n\t\t\t\t<div class=\"elementor-element elementor-element-8bff6c9 elementor-widget-divider--view-line elementor-widget elementor-widget-divider\" data-id=\"8bff6c9\" data-element_type=\"widget\" data-e-type=\"widget\" data-widget_type=\"divider.default\">\n\t\t\t\t\t\t\t<div class=\"elementor-divider\">\n\t\t\t<span class=\"elementor-divider-separator\">\n\t\t\t\t\t\t<\/span>\n\t\t<\/div>\n\t\t\t\t\t\t<\/div>\n\t\t\t\t<div class=\"elementor-element elementor-element-3cb72bf elementor-widget elementor-widget-text-editor\" data-id=\"3cb72bf\" data-element_type=\"widget\" data-e-type=\"widget\" data-widget_type=\"text-editor.default\">\n\t\t\t\t\t\t\t\t\t<h2 data-start=\"2052\" data-end=\"2065\">5. Annulation et report<\/h2><ul data-start=\"1392\" data-end=\"1667\"><li data-start=\"1392\" data-end=\"1479\"><p data-start=\"1394\" data-end=\"1479\">Annulation <strong data-start=\"1405\" data-end=\"1428\">24h avant la s\u00e9ance<\/strong> : remboursement possible ou report selon accord.<\/p><\/li><li data-start=\"1480\" data-end=\"1568\"><p data-start=\"1482\" data-end=\"1568\">Annulation <strong data-start=\"1493\" data-end=\"1515\">moins de 24h avant<\/strong> la s\u00e9ance : la s\u00e9ance est due et non remboursable.<\/p><\/li><li data-start=\"1569\" data-end=\"1667\"><p data-start=\"1571\" data-end=\"1667\">Les s\u00e9ances report\u00e9es doivent \u00eatre reprogramm\u00e9es selon la disponibilit\u00e9 du coach et du client.<\/p><\/li><\/ul>\t\t\t\t\t\t\t\t<\/div>\n\t\t\t\t<div class=\"elementor-element elementor-element-5ca4cdd elementor-widget-divider--view-line elementor-widget elementor-widget-divider\" data-id=\"5ca4cdd\" data-element_type=\"widget\" data-e-type=\"widget\" data-widget_type=\"divider.default\">\n\t\t\t\t\t\t\t<div class=\"elementor-divider\">\n\t\t\t<span class=\"elementor-divider-separator\">\n\t\t\t\t\t\t<\/span>\n\t\t<\/div>\n\t\t\t\t\t\t<\/div>\n\t\t\t\t<div class=\"elementor-element elementor-element-e822af1 elementor-widget elementor-widget-text-editor\" data-id=\"e822af1\" data-element_type=\"widget\" data-e-type=\"widget\" data-widget_type=\"text-editor.default\">\n\t\t\t\t\t\t\t\t\t<h2 data-start=\"2258\" data-end=\"2278\">6. Responsabilit\u00e9<\/h2><ul data-start=\"1695\" data-end=\"2005\"><li data-start=\"1695\" data-end=\"1773\"><p data-start=\"1697\" data-end=\"1773\">Ecloreave s\u2019engage \u00e0 fournir des prestations de qualit\u00e9 et personnalis\u00e9es.<\/p><\/li><li data-start=\"1774\" data-end=\"1921\"><p data-start=\"1776\" data-end=\"1921\">Le coaching est <strong data-start=\"1792\" data-end=\"1840\">un accompagnement personnel et professionnel<\/strong>, et ne remplace en aucun cas un suivi m\u00e9dical, psychologique ou th\u00e9rapeutique.<\/p><\/li><li data-start=\"1922\" data-end=\"2005\"><p data-start=\"1924\" data-end=\"2005\">Le client reste seul responsable de ses d\u00e9cisions et actions suite aux s\u00e9ances.<\/p><\/li><\/ul>\t\t\t\t\t\t\t\t<\/div>\n\t\t\t\t<div class=\"elementor-element elementor-element-d6cc6ac elementor-widget-divider--view-line elementor-widget elementor-widget-divider\" data-id=\"d6cc6ac\" data-element_type=\"widget\" data-e-type=\"widget\" data-widget_type=\"divider.default\">\n\t\t\t\t\t\t\t<div class=\"elementor-divider\">\n\t\t\t<span class=\"elementor-divider-separator\">\n\t\t\t\t\t\t<\/span>\n\t\t<\/div>\n\t\t\t\t\t\t<\/div>\n\t\t\t\t<div class=\"elementor-element elementor-element-b371191 elementor-widget elementor-widget-text-editor\" data-id=\"b371191\" data-element_type=\"widget\" data-e-type=\"widget\" data-widget_type=\"text-editor.default\">\n\t\t\t\t\t\t\t\t\t<h3 data-start=\"2560\" data-end=\"2582\">7. Donn\u00e9es personnelles<\/h3><ul data-start=\"2039\" data-end=\"2300\"><li data-start=\"2039\" data-end=\"2176\"><p data-start=\"2041\" data-end=\"2176\">Les informations personnelles communiqu\u00e9es par le client sont utilis\u00e9es <strong data-start=\"2113\" data-end=\"2173\">uniquement pour la gestion des s\u00e9ances et la facturation<\/strong>.<\/p><\/li><li data-start=\"2177\" data-end=\"2300\"><p data-start=\"2179\" data-end=\"2300\">Conform\u00e9ment \u00e0 la r\u00e9glementation, le client dispose d\u2019un droit d\u2019acc\u00e8s, de rectification et de suppression des donn\u00e9es.<\/p><\/li><\/ul>\t\t\t\t\t\t\t\t<\/div>\n\t\t\t\t<div class=\"elementor-element elementor-element-f40c0ed elementor-widget-divider--view-line elementor-widget elementor-widget-divider\" data-id=\"f40c0ed\" data-element_type=\"widget\" data-e-type=\"widget\" data-widget_type=\"divider.default\">\n\t\t\t\t\t\t\t<div class=\"elementor-divider\">\n\t\t\t<span class=\"elementor-divider-separator\">\n\t\t\t\t\t\t<\/span>\n\t\t<\/div>\n\t\t\t\t\t\t<\/div>\n\t\t\t\t<div class=\"elementor-element elementor-element-a73356e elementor-widget elementor-widget-text-editor\" data-id=\"a73356e\" data-element_type=\"widget\" data-e-type=\"widget\" data-widget_type=\"text-editor.default\">\n\t\t\t\t\t\t\t\t\t<h2 data-start=\"2307\" data-end=\"2324\">8. Facturation<\/h2><ul data-start=\"2325\" data-end=\"2544\"><li data-start=\"2325\" data-end=\"2451\"><p data-start=\"2327\" data-end=\"2451\">Une <strong data-start=\"2331\" data-end=\"2342\">facture<\/strong> est \u00e9mise pour chaque s\u00e9ance, avec mention du <strong data-start=\"2389\" data-end=\"2398\">SIRET<\/strong> et de <strong data-start=\"2405\" data-end=\"2448\">\u201cTVA non applicable, art. 293 B du CGI\u201d<\/strong>.<\/p><\/li><li data-start=\"2452\" data-end=\"2544\"><p data-start=\"2454\" data-end=\"2544\">Les factures peuvent \u00eatre transmises par email ou via la plateforme de paiement choisie.<\/p><\/li><\/ul>\t\t\t\t\t\t\t\t<\/div>\n\t\t\t\t<div class=\"elementor-element elementor-element-32992bd elementor-widget-divider--view-line elementor-widget elementor-widget-divider\" data-id=\"32992bd\" data-element_type=\"widget\" data-e-type=\"widget\" data-widget_type=\"divider.default\">\n\t\t\t\t\t\t\t<div class=\"elementor-divider\">\n\t\t\t<span class=\"elementor-divider-separator\">\n\t\t\t\t\t\t<\/span>\n\t\t<\/div>\n\t\t\t\t\t\t<\/div>\n\t\t\t\t<div class=\"elementor-element elementor-element-c39ea26 elementor-widget elementor-widget-text-editor\" data-id=\"c39ea26\" data-element_type=\"widget\" data-e-type=\"widget\" data-widget_type=\"text-editor.default\">\n\t\t\t\t\t\t\t\t\t<h2 data-start=\"2551\" data-end=\"2576\">9. Acceptation des CGV<\/h2><ul data-start=\"2577\" data-end=\"2790\"><li data-start=\"2577\" data-end=\"2691\"><p data-start=\"2579\" data-end=\"2691\">La validation du paiement implique l\u2019acceptation <strong data-start=\"2628\" data-end=\"2644\">sans r\u00e9serve<\/strong> des pr\u00e9sentes Conditions G\u00e9n\u00e9rales de Vente.<\/p><\/li><li data-start=\"2692\" data-end=\"2790\"><p data-start=\"2694\" data-end=\"2790\">Les CGV sont accessibles \u00e0 tout moment sur le site <a class=\"decorated-link\" href=\"#\" rel=\"noopener\" data-start=\"2745\" data-end=\"2762\">Ecloreave.fr<\/a> ou sur demande par email.<\/p><\/li><\/ul>\t\t\t\t\t\t\t\t<\/div>\n\t\t\t\t\t<\/div>\n\t\t\t\t<\/div>\n\t\t\t\t\t<\/div>\n\t\t\t\t<\/div>\n\t\t\t\t\t<\/div>\n\t\t\t\t<\/div>\n\t\t\t\t\t<\/div>\n\t\t\t\t<\/div>\n\t\t<div class=\"elementor-element elementor-element-eb8fc80 e-flex e-con-boxed e-con e-parent\" data-id=\"eb8fc80\" data-element_type=\"container\" data-e-type=\"container\">\n\t\t\t\t\t<div class=\"e-con-inner\">\n\t\t\t\t<div class=\"elementor-element elementor-element-3c30024 elementor-widget elementor-widget-spacer\" data-id=\"3c30024\" data-element_type=\"widget\" data-e-type=\"widget\" data-widget_type=\"spacer.default\">\n\t\t\t\t\t\t\t<div class=\"elementor-spacer\">\n\t\t\t<div class=\"elementor-spacer-inner\"><\/div>\n\t\t<\/div>\n\t\t\t\t\t\t<\/div>\n\t\t\t\t\t<\/div>\n\t\t\t\t<\/div>\n\t\t\t\t<\/div>\n\t\t","protected":false},"excerpt":{"rendered":"<p>\u00c9cloR\u00e9ave \ud83d\udcd1 Conditions G\u00e9n\u00e9rales de Vente (CGV) \u2013 Ecloreave Entreprise : EcloreaveStatut : Micro-entrepreneur \/ Auto-entrepriseSIRET : [\u00e0 compl\u00e9ter]Activit\u00e9 : [&hellip;]<\/p>\n","protected":false},"author":1,"featured_media":0,"parent":0,"menu_order":0,"comment_status":"closed","ping_status":"closed","template":"","meta":{"site-sidebar-layout":"no-sidebar","site-content-layout":"","ast-site-content-layout":"full-width-container","site-content-style":"default","site-sidebar-style":"default","ast-global-header-display":"","ast-banner-title-visibility":"","ast-main-header-display":"","ast-hfb-above-header-display":"","ast-hfb-below-header-display":"","ast-hfb-mobile-header-display":"","site-post-title":"disabled","ast-breadcrumbs-content":"","ast-featured-img":"disabled","footer-sml-layout":"","ast-disable-related-posts":"","theme-transparent-header-meta":"","adv-header-id-meta":"","stick-header-meta":"","header-above-stick-meta":"","header-main-stick-meta":"","header-below-stick-meta":"","astra-migrate-meta-layouts":"default","ast-page-background-enabled":"default","ast-page-background-meta":{"desktop":{"background-color":"var(--ast-global-color-5)","background-image":"","background-repeat":"repeat","background-position":"center center","background-size":"auto","background-attachment":"scroll","background-type":"","background-media":"","overlay-type":"","overlay-color":"","overlay-opacity":"","overlay-gradient":""},"tablet":{"background-color":"","background-image":"","background-repeat":"repeat","background-position":"center center","background-size":"auto","background-attachment":"scroll","background-type":"","background-media":"","overlay-type":"","overlay-color":"","overlay-opacity":"","overlay-gradient":""},"mobile":{"background-color":"","background-image":"","background-repeat":"repeat","background-position":"center center","background-size":"auto","background-attachment":"scroll","background-type":"","background-media":"","overlay-type":"","overlay-color":"","overlay-opacity":"","overlay-gradient":""}},"ast-content-background-meta":{"desktop":{"background-color":"var(--ast-global-color-4)","background-image":"","background-repeat":"repeat","background-position":"center center","background-size":"auto","background-attachment":"scroll","background-type":"","background-media":"","overlay-type":"","overlay-color":"","overlay-opacity":"","overlay-gradient":""},"tablet":{"background-color":"var(--ast-global-color-4)","background-image":"","background-repeat":"repeat","background-position":"center center","background-size":"auto","background-attachment":"scroll","background-type":"","background-media":"","overlay-type":"","overlay-color":"","overlay-opacity":"","overlay-gradient":""},"mobile":{"background-color":"var(--ast-global-color-4)","background-image":"","background-repeat":"repeat","background-position":"center center","background-size":"auto","background-attachment":"scroll","background-type":"","background-media":"","overlay-type":"","overlay-color":"","overlay-opacity":"","overlay-gradient":""}},"footnotes":""},"class_list":["post-1073","page","type-page","status-publish","hentry"],"_links":{"self":[{"href":"https:\/\/ecloreave.fr\/index.php\/wp-json\/wp\/v2\/pages\/1073","targetHints":{"allow":["GET"]}}],"collection":[{"href":"https:\/\/ecloreave.fr\/index.php\/wp-json\/wp\/v2\/pages"}],"about":[{"href":"https:\/\/ecloreave.fr\/index.php\/wp-json\/wp\/v2\/types\/page"}],"author":[{"embeddable":true,"href":"https:\/\/ecloreave.fr\/index.php\/wp-json\/wp\/v2\/users\/1"}],"replies":[{"embeddable":true,"href":"https:\/\/ecloreave.fr\/index.php\/wp-json\/wp\/v2\/comments?post=1073"}],"version-history":[{"count":31,"href":"https:\/\/ecloreave.fr\/index.php\/wp-json\/wp\/v2\/pages\/1073\/revisions"}],"predecessor-version":[{"id":1119,"href":"https:\/\/ecloreave.fr\/index.php\/wp-json\/wp\/v2\/pages\/1073\/revisions\/1119"}],"wp:attachment":[{"href":"https:\/\/ecloreave.fr\/index.php\/wp-json\/wp\/v2\/media?parent=1073"}],"curies":[{"name":"wp","href":"https:\/\/api.w.org\/{rel}","templated":true}]}}