{"id":67,"date":"2025-08-14T14:54:22","date_gmt":"2025-08-14T12:54:22","guid":{"rendered":"http:\/\/192.168.1.37\/?page_id=67"},"modified":"2025-08-20T20:39:25","modified_gmt":"2025-08-20T18:39:25","slug":"accueil","status":"publish","type":"page","link":"https:\/\/ecloreave.fr\/","title":{"rendered":"accueil"},"content":{"rendered":"\t\t<div data-elementor-type=\"wp-page\" data-elementor-id=\"67\" class=\"elementor elementor-67\" data-elementor-post-type=\"page\">\n\t\t\t\t<div class=\"elementor-element elementor-element-c564650 e-flex e-con-boxed e-con e-parent\" data-id=\"c564650\" data-element_type=\"container\" data-e-type=\"container\">\n\t\t\t\t\t<div class=\"e-con-inner\">\n\t\t\t\t<div class=\"elementor-element elementor-element-845b899 elementor-widget elementor-widget-spacer\" data-id=\"845b899\" data-element_type=\"widget\" data-e-type=\"widget\" data-widget_type=\"spacer.default\">\n\t\t\t\t\t\t\t<div class=\"elementor-spacer\">\n\t\t\t<div class=\"elementor-spacer-inner\"><\/div>\n\t\t<\/div>\n\t\t\t\t\t\t<\/div>\n\t\t\t\t\t<\/div>\n\t\t\t\t<\/div>\n\t\t<div class=\"elementor-element elementor-element-a3c56ff e-flex e-con-boxed e-con e-parent\" data-id=\"a3c56ff\" data-element_type=\"container\" data-e-type=\"container\">\n\t\t\t\t\t<div class=\"e-con-inner\">\n\t\t<div class=\"elementor-element elementor-element-f9251e5 e-flex e-con-boxed e-con e-child\" data-id=\"f9251e5\" data-element_type=\"container\" data-e-type=\"container\" data-settings=\"{&quot;background_background&quot;:&quot;gradient&quot;}\">\n\t\t\t\t\t<div class=\"e-con-inner\">\n\t\t<div class=\"elementor-element elementor-element-1779d83 e-flex e-con-boxed e-con e-child\" data-id=\"1779d83\" data-element_type=\"container\" data-e-type=\"container\">\n\t\t\t\t\t<div class=\"e-con-inner\">\n\t\t<div class=\"elementor-element elementor-element-6dd56f1 e-flex e-con-boxed e-con e-child\" data-id=\"6dd56f1\" data-element_type=\"container\" data-e-type=\"container\">\n\t\t\t\t\t<div class=\"e-con-inner\">\n\t\t\t\t<div class=\"elementor-element elementor-element-d8829b3 elementor-widget elementor-widget-image\" data-id=\"d8829b3\" data-element_type=\"widget\" data-e-type=\"widget\" data-widget_type=\"image.default\">\n\t\t\t\t\t\t\t\t\t\t\t\t\t\t\t<img decoding=\"async\" width=\"150\" height=\"150\" src=\"https:\/\/ecloreave.fr\/wp-content\/uploads\/2025\/08\/Icone_papillon_Site-removebg-preview-150x150.png\" class=\"attachment-thumbnail size-thumbnail wp-image-504\" alt=\"\" srcset=\"https:\/\/ecloreave.fr\/wp-content\/uploads\/2025\/08\/Icone_papillon_Site-removebg-preview-150x150.png 150w, https:\/\/ecloreave.fr\/wp-content\/uploads\/2025\/08\/Icone_papillon_Site-removebg-preview-300x300.png 300w, https:\/\/ecloreave.fr\/wp-content\/uploads\/2025\/08\/Icone_papillon_Site-removebg-preview.png 500w\" sizes=\"(max-width: 150px) 100vw, 150px\" \/>\t\t\t\t\t\t\t\t\t\t\t\t\t\t\t<\/div>\n\t\t\t\t<div class=\"elementor-element elementor-element-ba1563e elementor-widget elementor-widget-heading\" data-id=\"ba1563e\" data-element_type=\"widget\" data-e-type=\"widget\" data-widget_type=\"heading.default\">\n\t\t\t\t\t<h1 class=\"elementor-heading-title elementor-size-default\">\u00c9cloR\u00e9ave<\/h1>\t\t\t\t<\/div>\n\t\t\t\t\t<\/div>\n\t\t\t\t<\/div>\n\t\t<div class=\"elementor-element elementor-element-1504a85 e-flex e-con-boxed e-con e-child\" data-id=\"1504a85\" data-element_type=\"container\" data-e-type=\"container\">\n\t\t\t\t\t<div class=\"e-con-inner\">\n\t\t\t\t<div class=\"elementor-element elementor-element-be5d187 elementor-nav-menu__align-end elementor-nav-menu--dropdown-tablet elementor-nav-menu__text-align-aside elementor-nav-menu--toggle elementor-nav-menu--burger elementor-widget elementor-widget-nav-menu\" data-id=\"be5d187\" data-element_type=\"widget\" data-e-type=\"widget\" data-settings=\"{&quot;layout&quot;:&quot;horizontal&quot;,&quot;submenu_icon&quot;:{&quot;value&quot;:&quot;&lt;svg aria-hidden=\\&quot;true\\&quot; class=\\&quot;e-font-icon-svg e-fas-caret-down\\&quot; viewBox=\\&quot;0 0 320 512\\&quot; xmlns=\\&quot;http:\\\/\\\/www.w3.org\\\/2000\\\/svg\\&quot;&gt;&lt;path d=\\&quot;M31.3 192h257.3c17.8 0 26.7 21.5 14.1 34.1L174.1 354.8c-7.8 7.8-20.5 7.8-28.3 0L17.2 226.1C4.6 213.5 13.5 192 31.3 192z\\&quot;&gt;&lt;\\\/path&gt;&lt;\\\/svg&gt;&quot;,&quot;library&quot;:&quot;fa-solid&quot;},&quot;toggle&quot;:&quot;burger&quot;}\" data-widget_type=\"nav-menu.default\">\n\t\t\t\t\t\t\t\t<nav aria-label=\"Menu\" class=\"elementor-nav-menu--main elementor-nav-menu__container elementor-nav-menu--layout-horizontal e--pointer-text e--animation-grow\">\r\n\t\t\t\t<ul id=\"menu-1-be5d187\" class=\"elementor-nav-menu\"><li class=\"menu-item menu-item-type-post_type menu-item-object-page menu-item-home menu-item-353\"><a href=\"https:\/\/ecloreave.fr\/\" class=\"elementor-item menu-link\">Accueil<\/a><\/li>\n<li class=\"menu-item menu-item-type-post_type menu-item-object-page menu-item-114\"><a href=\"https:\/\/ecloreave.fr\/index.php\/qui-suis-je\/\" class=\"elementor-item menu-link\">Qui suis-je<\/a><\/li>\n<li class=\"menu-item menu-item-type-post_type menu-item-object-page menu-item-902\"><a href=\"https:\/\/ecloreave.fr\/index.php\/blog\/\" class=\"elementor-item menu-link\">blog<\/a><\/li>\n<li class=\"menu-item menu-item-type-post_type menu-item-object-page menu-item-113\"><a href=\"https:\/\/ecloreave.fr\/index.php\/mes-services\/\" class=\"elementor-item menu-link\">Mes services<\/a><\/li>\n<li class=\"menu-item menu-item-type-post_type menu-item-object-page menu-item-320\"><a href=\"https:\/\/ecloreave.fr\/index.php\/contact\/\" class=\"elementor-item menu-link\">Contact<\/a><\/li>\n<\/ul>\t\t\t<\/nav>\r\n\t\t\t\t\t<div class=\"elementor-menu-toggle\" role=\"button\" tabindex=\"0\" aria-label=\"Menu Toggle\" aria-expanded=\"false\">\r\n\t\t\t<svg aria-hidden=\"true\" role=\"presentation\" class=\"elementor-menu-toggle__icon--open e-font-icon-svg e-eicon-menu-bar\" viewBox=\"0 0 1000 1000\" xmlns=\"http:\/\/www.w3.org\/2000\/svg\"><path d=\"M104 333H896C929 333 958 304 958 271S929 208 896 208H104C71 208 42 237 42 271S71 333 104 333ZM104 583H896C929 583 958 554 958 521S929 458 896 458H104C71 458 42 487 42 521S71 583 104 583ZM104 833H896C929 833 958 804 958 771S929 708 896 708H104C71 708 42 737 42 771S71 833 104 833Z\"><\/path><\/svg><svg aria-hidden=\"true\" role=\"presentation\" class=\"elementor-menu-toggle__icon--close e-font-icon-svg e-eicon-close\" viewBox=\"0 0 1000 1000\" xmlns=\"http:\/\/www.w3.org\/2000\/svg\"><path d=\"M742 167L500 408 258 167C246 154 233 150 217 150 196 150 179 158 167 167 154 179 150 196 150 212 150 229 154 242 171 254L408 500 167 742C138 771 138 800 167 829 196 858 225 858 254 829L496 587 738 829C750 842 767 846 783 846 800 846 817 842 829 829 842 817 846 804 846 783 846 767 842 750 829 737L588 500 833 258C863 229 863 200 833 171 804 137 775 137 742 167Z\"><\/path><\/svg>\t\t<\/div>\r\n\t\t\t\t\t<nav class=\"elementor-nav-menu--dropdown elementor-nav-menu__container\" aria-hidden=\"true\">\r\n\t\t\t\t<ul id=\"menu-2-be5d187\" class=\"elementor-nav-menu\"><li class=\"menu-item menu-item-type-post_type menu-item-object-page menu-item-home menu-item-353\"><a href=\"https:\/\/ecloreave.fr\/\" class=\"elementor-item menu-link\" tabindex=\"-1\">Accueil<\/a><\/li>\n<li class=\"menu-item menu-item-type-post_type menu-item-object-page menu-item-114\"><a href=\"https:\/\/ecloreave.fr\/index.php\/qui-suis-je\/\" class=\"elementor-item menu-link\" tabindex=\"-1\">Qui suis-je<\/a><\/li>\n<li class=\"menu-item menu-item-type-post_type menu-item-object-page menu-item-902\"><a href=\"https:\/\/ecloreave.fr\/index.php\/blog\/\" class=\"elementor-item menu-link\" tabindex=\"-1\">blog<\/a><\/li>\n<li class=\"menu-item menu-item-type-post_type menu-item-object-page menu-item-113\"><a href=\"https:\/\/ecloreave.fr\/index.php\/mes-services\/\" class=\"elementor-item menu-link\" tabindex=\"-1\">Mes services<\/a><\/li>\n<li class=\"menu-item menu-item-type-post_type menu-item-object-page menu-item-320\"><a href=\"https:\/\/ecloreave.fr\/index.php\/contact\/\" class=\"elementor-item menu-link\" tabindex=\"-1\">Contact<\/a><\/li>\n<\/ul>\t\t\t<\/nav>\r\n\t\t\t\t\t\t<\/div>\n\t\t\t\t\t<\/div>\n\t\t\t\t<\/div>\n\t\t\t\t\t<\/div>\n\t\t\t\t<\/div>\n\t\t<div class=\"elementor-element elementor-element-36662ba e-flex e-con-boxed e-con e-child\" data-id=\"36662ba\" data-element_type=\"container\" data-e-type=\"container\">\n\t\t\t\t\t<div class=\"e-con-inner\">\n\t\t\t\t<div class=\"elementor-element elementor-element-d26ce9e elementor-widget elementor-widget-text-editor\" data-id=\"d26ce9e\" data-element_type=\"widget\" data-e-type=\"widget\" data-widget_type=\"text-editor.default\">\n\t\t\t\t\t\t\t\t\t<p>Pour d\u00e9buter, les s\u00e9ances se d\u00e9rouleront en visioconf\u00e9rence ou par t\u00e9l\u00e9phone. Une fois que je serai mieux install\u00e9e, nous pourrons passer en pr\u00e9sentiel pour ceux qui le d\u00e9sirent.<\/p>\t\t\t\t\t\t\t\t<\/div>\n\t\t\t\t\t<\/div>\n\t\t\t\t<\/div>\n\t\t<div class=\"elementor-element elementor-element-4311311 e-flex e-con-boxed e-con e-child\" data-id=\"4311311\" data-element_type=\"container\" data-e-type=\"container\">\n\t\t\t\t\t<div class=\"e-con-inner\">\n\t\t<div class=\"elementor-element elementor-element-87c1d22 e-con-full e-flex e-con e-child\" data-id=\"87c1d22\" data-element_type=\"container\" data-e-type=\"container\">\n\t\t\t\t<div class=\"elementor-element elementor-element-faf7654 elementor-widget elementor-widget-heading\" data-id=\"faf7654\" data-element_type=\"widget\" data-e-type=\"widget\" data-widget_type=\"heading.default\">\n\t\t\t\t\t<h1 class=\"elementor-heading-title elementor-size-default\">Qu'est-ce que le coaching de vie ?<\/h1>\t\t\t\t<\/div>\n\t\t\t\t<div class=\"elementor-element elementor-element-69c5f70 elementor-widget elementor-widget-text-editor\" data-id=\"69c5f70\" data-element_type=\"widget\" data-e-type=\"widget\" data-widget_type=\"text-editor.default\">\n\t\t\t\t\t\t\t\t\t<p data-start=\"107\" data-end=\"227\"><strong data-start=\"107\" data-end=\"225\">Le coaching de vie est une invitation \u00e0 semer les graines d\u2019un changement profond et positif dans votre existence.<\/strong><\/p><p data-start=\"229\" data-end=\"627\">Au fil d\u2019un \u00e9change sinc\u00e8re et bienveillant, et gr\u00e2ce \u00e0 des outils simples \u00e0 int\u00e9grer dans vos s\u00e9ances comme dans votre quotidien, je vous accompagne pas \u00e0 pas vers l\u2019\u00e9panouissement de vos aspirations.<br data-start=\"430\" data-end=\"433\" \/>Parfois, une seule rencontre suffit \u00e0 d\u00e9clencher l\u2019\u00e9lan n\u00e9cessaire. D\u2019autres fois, le chemin se tisse sur plusieurs rendez-vous\u2026 tout d\u00e9pend de votre rythme, de vos besoins, de votre histoire.<\/p><p data-start=\"629\" data-end=\"842\">L\u2019essence du coaching n\u2019est pas de s\u2019\u00e9tirer ind\u00e9finiment, mais de vous offrir les cl\u00e9s de votre autonomie, de nourrir une meilleure connaissance de vous-m\u00eame, et de vous aider \u00e0 \u00e9clore pleinement dans votre vie.<\/p><p data-start=\"844\" data-end=\"996\"><strong data-start=\"844\" data-end=\"994\">Le coaching de vie, c\u2019est un accompagnement lumineux, empreint de douceur et de respect, pour vous guider vers la plus belle version de vous-m\u00eame.<\/strong><\/p>\t\t\t\t\t\t\t\t<\/div>\n\t\t\t\t<\/div>\n\t\t<div class=\"elementor-element elementor-element-0234eeb e-flex e-con-boxed e-con e-child\" data-id=\"0234eeb\" data-element_type=\"container\" data-e-type=\"container\">\n\t\t\t\t\t<div class=\"e-con-inner\">\n\t\t\t\t<div class=\"elementor-element elementor-element-3a486ee elementor-widget elementor-widget-image\" data-id=\"3a486ee\" data-element_type=\"widget\" data-e-type=\"widget\" data-widget_type=\"image.default\">\n\t\t\t\t\t\t\t\t\t\t\t\t\t\t\t<img fetchpriority=\"high\" decoding=\"async\" width=\"1024\" height=\"1024\" src=\"https:\/\/ecloreave.fr\/wp-content\/uploads\/2025\/08\/Papillon-Site-eclorea.png\" class=\"attachment-large size-large wp-image-503\" alt=\"\" srcset=\"https:\/\/ecloreave.fr\/wp-content\/uploads\/2025\/08\/Papillon-Site-eclorea.png 1024w, https:\/\/ecloreave.fr\/wp-content\/uploads\/2025\/08\/Papillon-Site-eclorea-300x300.png 300w, https:\/\/ecloreave.fr\/wp-content\/uploads\/2025\/08\/Papillon-Site-eclorea-150x150.png 150w, https:\/\/ecloreave.fr\/wp-content\/uploads\/2025\/08\/Papillon-Site-eclorea-768x768.png 768w\" sizes=\"(max-width: 1024px) 100vw, 1024px\" \/>\t\t\t\t\t\t\t\t\t\t\t\t\t\t\t<\/div>\n\t\t\t\t\t<\/div>\n\t\t\t\t<\/div>\n\t\t\t\t\t<\/div>\n\t\t\t\t<\/div>\n\t\t<div class=\"elementor-element elementor-element-cbabc0b e-grid e-con-boxed e-con e-child\" data-id=\"cbabc0b\" data-element_type=\"container\" data-e-type=\"container\">\n\t\t\t\t\t<div class=\"e-con-inner\">\n\t\t\t\t<div class=\"elementor-element elementor-element-1d5cc10 elementor-position-top elementor-widget elementor-widget-image-box\" data-id=\"1d5cc10\" data-element_type=\"widget\" data-e-type=\"widget\" data-widget_type=\"image-box.default\">\n\t\t\t\t\t<div class=\"elementor-image-box-wrapper\"><figure class=\"elementor-image-box-img\"><img decoding=\"async\" width=\"67\" height=\"52\" src=\"https:\/\/ecloreave.fr\/wp-content\/uploads\/2025\/08\/Capture_d_ecran_2025-08-14_221030-removebg-preview.png\" class=\"attachment-full size-full wp-image-520\" alt=\"\" \/><\/figure><div class=\"elementor-image-box-content\"><h2 class=\"elementor-image-box-title\">Cr\u00e9ativit\u00e9<\/h2><p class=\"elementor-image-box-description\">S'\u00e9panouir \u00e0 travers l'expression de soi et l'innovation.<\/p><\/div><\/div>\t\t\t\t<\/div>\n\t\t\t\t<div class=\"elementor-element elementor-element-884c1f5 elementor-position-top elementor-widget elementor-widget-image-box\" data-id=\"884c1f5\" data-element_type=\"widget\" data-e-type=\"widget\" data-widget_type=\"image-box.default\">\n\t\t\t\t\t<div class=\"elementor-image-box-wrapper\"><figure class=\"elementor-image-box-img\"><img loading=\"lazy\" decoding=\"async\" width=\"67\" height=\"48\" src=\"https:\/\/ecloreave.fr\/wp-content\/uploads\/2025\/08\/Capture_d_ecran_2025-08-14_221046-removebg-preview.png\" class=\"attachment-full size-full wp-image-521\" alt=\"\" \/><\/figure><div class=\"elementor-image-box-content\"><h2 class=\"elementor-image-box-title\">Transformation<\/h2><p class=\"elementor-image-box-description\">Grandir en douceur, \u00e9voluer vers une meilleure version de soi.<\/p><\/div><\/div>\t\t\t\t<\/div>\n\t\t\t\t<div class=\"elementor-element elementor-element-42bb31e elementor-position-top elementor-widget elementor-widget-image-box\" data-id=\"42bb31e\" data-element_type=\"widget\" data-e-type=\"widget\" data-widget_type=\"image-box.default\">\n\t\t\t\t\t<div class=\"elementor-image-box-wrapper\"><figure class=\"elementor-image-box-img\"><img loading=\"lazy\" decoding=\"async\" width=\"54\" height=\"52\" src=\"https:\/\/ecloreave.fr\/wp-content\/uploads\/2025\/08\/Capture_d_ecran_2025-08-14_221103-removebg-preview.png\" class=\"attachment-full size-full wp-image-522\" alt=\"\" \/><\/figure><div class=\"elementor-image-box-content\"><h2 class=\"elementor-image-box-title\">Renouveau<\/h2><p class=\"elementor-image-box-description\">Accueillir le changement et progresser dans sa vie personnelle et professionnelle.<\/p><\/div><\/div>\t\t\t\t<\/div>\n\t\t\t\t<div class=\"elementor-element elementor-element-ea92fe4 elementor-position-top elementor-widget elementor-widget-image-box\" data-id=\"ea92fe4\" data-element_type=\"widget\" data-e-type=\"widget\" data-widget_type=\"image-box.default\">\n\t\t\t\t\t<div class=\"elementor-image-box-wrapper\"><figure class=\"elementor-image-box-img\"><img loading=\"lazy\" decoding=\"async\" width=\"60\" height=\"40\" src=\"https:\/\/ecloreave.fr\/wp-content\/uploads\/2025\/08\/Capture_d_ecran_2025-08-14_221118-removebg-preview.png\" class=\"attachment-full size-full wp-image-523\" alt=\"\" \/><\/figure><div class=\"elementor-image-box-content\"><h2 class=\"elementor-image-box-title\">Apprendre<\/h2><p class=\"elementor-image-box-description\">Apprenez de vous est d\u00e9velopper vos comp\u00e9tences.<\/p><\/div><\/div>\t\t\t\t<\/div>\n\t\t\t\t<div class=\"elementor-element elementor-element-90b6dee elementor-position-top elementor-widget elementor-widget-image-box\" data-id=\"90b6dee\" data-element_type=\"widget\" data-e-type=\"widget\" data-widget_type=\"image-box.default\">\n\t\t\t\t\t<div class=\"elementor-image-box-wrapper\"><figure class=\"elementor-image-box-img\"><img loading=\"lazy\" decoding=\"async\" width=\"60\" height=\"37\" src=\"https:\/\/ecloreave.fr\/wp-content\/uploads\/2025\/08\/Capture_d_ecran_2025-08-14_221127-removebg-preview.png\" class=\"attachment-full size-full wp-image-525\" alt=\"\" \/><\/figure><div class=\"elementor-image-box-content\"><h2 class=\"elementor-image-box-title\">Partager<\/h2><p class=\"elementor-image-box-description\">Une connexion douce et authentique lors de chaque s\u00e9ance.<\/p><\/div><\/div>\t\t\t\t<\/div>\n\t\t\t\t<div class=\"elementor-element elementor-element-2c34eb3 elementor-position-top elementor-widget elementor-widget-image-box\" data-id=\"2c34eb3\" data-element_type=\"widget\" data-e-type=\"widget\" data-widget_type=\"image-box.default\">\n\t\t\t\t\t<div class=\"elementor-image-box-wrapper\"><figure class=\"elementor-image-box-img\"><img loading=\"lazy\" decoding=\"async\" width=\"51\" height=\"48\" src=\"https:\/\/ecloreave.fr\/wp-content\/uploads\/2025\/08\/Capture_d_ecran_2025-08-14_221137-removebg-preview.png\" class=\"attachment-full size-full wp-image-526\" alt=\"\" \/><\/figure><div class=\"elementor-image-box-content\"><h2 class=\"elementor-image-box-title\">Cr\u00e9er<\/h2><p class=\"elementor-image-box-description\">Cr\u00e9er des projets inspirants et lancez-vous.<\/p><\/div><\/div>\t\t\t\t<\/div>\n\t\t\t\t\t<\/div>\n\t\t\t\t<\/div>\n\t\t<div class=\"elementor-element elementor-element-e3e9873 e-grid e-con-boxed e-con e-child\" data-id=\"e3e9873\" data-element_type=\"container\" data-e-type=\"container\">\n\t\t\t\t\t<div class=\"e-con-inner\">\n\t\t\t\t<div class=\"elementor-element elementor-element-9d79b69 elementor-widget elementor-widget-image\" data-id=\"9d79b69\" data-element_type=\"widget\" data-e-type=\"widget\" data-widget_type=\"image.default\">\n\t\t\t\t\t\t\t\t\t\t\t\t\t\t\t<img loading=\"lazy\" decoding=\"async\" width=\"84\" height=\"89\" src=\"https:\/\/ecloreave.fr\/wp-content\/uploads\/2025\/08\/Capture_d_ecran_2025-08-14_225050-removebg-preview.png\" class=\"attachment-full size-full wp-image-527\" alt=\"\" \/>\t\t\t\t\t\t\t\t\t\t\t\t\t\t\t<\/div>\n\t\t\t\t<div class=\"elementor-element elementor-element-bf6512a elementor-widget elementor-widget-text-editor\" data-id=\"bf6512a\" data-element_type=\"widget\" data-e-type=\"widget\" data-widget_type=\"text-editor.default\">\n\t\t\t\t\t\t\t\t\t<p><em>Chaque graine contient une lumi\u00e8re pr\u00eate \u00e0 \u00e9clore.<\/em><\/p>\t\t\t\t\t\t\t\t<\/div>\n\t\t\t\t<div class=\"elementor-element elementor-element-fb76ba3 elementor-widget elementor-widget-image\" data-id=\"fb76ba3\" data-element_type=\"widget\" data-e-type=\"widget\" data-widget_type=\"image.default\">\n\t\t\t\t\t\t\t\t\t\t\t\t\t\t\t<img loading=\"lazy\" decoding=\"async\" width=\"136\" height=\"104\" src=\"https:\/\/ecloreave.fr\/wp-content\/uploads\/2025\/08\/Capture_d_ecran_2025-08-14_225108-removebg-preview.png\" class=\"attachment-full size-full wp-image-531\" alt=\"\" \/>\t\t\t\t\t\t\t\t\t\t\t\t\t\t\t<\/div>\n\t\t\t\t\t<\/div>\n\t\t\t\t<\/div>\n\t\t\t\t\t<\/div>\n\t\t\t\t<\/div>\n\t\t\t\t\t<\/div>\n\t\t\t\t<\/div>\n\t\t<div class=\"elementor-element elementor-element-8fc4c84 e-flex e-con-boxed e-con e-parent\" data-id=\"8fc4c84\" data-element_type=\"container\" data-e-type=\"container\">\n\t\t\t\t\t<div class=\"e-con-inner\">\n\t\t\t\t<div class=\"elementor-element elementor-element-47a5db9 elementor-widget elementor-widget-spacer\" data-id=\"47a5db9\" data-element_type=\"widget\" data-e-type=\"widget\" data-widget_type=\"spacer.default\">\n\t\t\t\t\t\t\t<div class=\"elementor-spacer\">\n\t\t\t<div class=\"elementor-spacer-inner\"><\/div>\n\t\t<\/div>\n\t\t\t\t\t\t<\/div>\n\t\t\t\t\t<\/div>\n\t\t\t\t<\/div>\n\t\t\t\t<\/div>\n\t\t","protected":false},"excerpt":{"rendered":"<p>\u00c9cloR\u00e9ave Pour d\u00e9buter, les s\u00e9ances se d\u00e9rouleront en visioconf\u00e9rence ou par t\u00e9l\u00e9phone. Une fois que je serai mieux install\u00e9e, nous [&hellip;]<\/p>\n","protected":false},"author":1,"featured_media":0,"parent":0,"menu_order":0,"comment_status":"closed","ping_status":"closed","template":"","meta":{"site-sidebar-layout":"no-sidebar","site-content-layout":"","ast-site-content-layout":"full-width-container","site-content-style":"default","site-sidebar-style":"default","ast-global-header-display":"","ast-banner-title-visibility":"","ast-main-header-display":"","ast-hfb-above-header-display":"","ast-hfb-below-header-display":"","ast-hfb-mobile-header-display":"","site-post-title":"disabled","ast-breadcrumbs-content":"","ast-featured-img":"disabled","footer-sml-layout":"","ast-disable-related-posts":"","theme-transparent-header-meta":"","adv-header-id-meta":"","stick-header-meta":"","header-above-stick-meta":"","header-main-stick-meta":"","header-below-stick-meta":"","astra-migrate-meta-layouts":"default","ast-page-background-enabled":"default","ast-page-background-meta":{"desktop":{"background-color":"var(--ast-global-color-5)","background-image":"","background-repeat":"repeat","background-position":"center center","background-size":"auto","background-attachment":"scroll","background-type":"","background-media":"","overlay-type":"","overlay-color":"","overlay-opacity":"","overlay-gradient":""},"tablet":{"background-color":"","background-image":"","background-repeat":"repeat","background-position":"center center","background-size":"auto","background-attachment":"scroll","background-type":"","background-media":"","overlay-type":"","overlay-color":"","overlay-opacity":"","overlay-gradient":""},"mobile":{"background-color":"","background-image":"","background-repeat":"repeat","background-position":"center center","background-size":"auto","background-attachment":"scroll","background-type":"","background-media":"","overlay-type":"","overlay-color":"","overlay-opacity":"","overlay-gradient":""}},"ast-content-background-meta":{"desktop":{"background-color":"var(--ast-global-color-4)","background-image":"","background-repeat":"repeat","background-position":"center center","background-size":"auto","background-attachment":"scroll","background-type":"","background-media":"","overlay-type":"","overlay-color":"","overlay-opacity":"","overlay-gradient":""},"tablet":{"background-color":"var(--ast-global-color-4)","background-image":"","background-repeat":"repeat","background-position":"center center","background-size":"auto","background-attachment":"scroll","background-type":"","background-media":"","overlay-type":"","overlay-color":"","overlay-opacity":"","overlay-gradient":""},"mobile":{"background-color":"var(--ast-global-color-4)","background-image":"","background-repeat":"repeat","background-position":"center center","background-size":"auto","background-attachment":"scroll","background-type":"","background-media":"","overlay-type":"","overlay-color":"","overlay-opacity":"","overlay-gradient":""}},"footnotes":""},"class_list":["post-67","page","type-page","status-publish","hentry"],"_links":{"self":[{"href":"https:\/\/ecloreave.fr\/index.php\/wp-json\/wp\/v2\/pages\/67","targetHints":{"allow":["GET"]}}],"collection":[{"href":"https:\/\/ecloreave.fr\/index.php\/wp-json\/wp\/v2\/pages"}],"about":[{"href":"https:\/\/ecloreave.fr\/index.php\/wp-json\/wp\/v2\/types\/page"}],"author":[{"embeddable":true,"href":"https:\/\/ecloreave.fr\/index.php\/wp-json\/wp\/v2\/users\/1"}],"replies":[{"embeddable":true,"href":"https:\/\/ecloreave.fr\/index.php\/wp-json\/wp\/v2\/comments?post=67"}],"version-history":[{"count":361,"href":"https:\/\/ecloreave.fr\/index.php\/wp-json\/wp\/v2\/pages\/67\/revisions"}],"predecessor-version":[{"id":940,"href":"https:\/\/ecloreave.fr\/index.php\/wp-json\/wp\/v2\/pages\/67\/revisions\/940"}],"wp:attachment":[{"href":"https:\/\/ecloreave.fr\/index.php\/wp-json\/wp\/v2\/media?parent=67"}],"curies":[{"name":"wp","href":"https:\/\/api.w.org\/{rel}","templated":true}]}}