{"id":927,"date":"2025-08-20T20:38:00","date_gmt":"2025-08-20T18:38:00","guid":{"rendered":"https:\/\/ecloreave.fr\/?page_id=927"},"modified":"2025-08-30T13:27:32","modified_gmt":"2025-08-30T11:27:32","slug":"mentions-legales","status":"publish","type":"page","link":"https:\/\/ecloreave.fr\/index.php\/mentions-legales\/","title":{"rendered":"Mentions L\u00e9gales"},"content":{"rendered":"\t\t<div data-elementor-type=\"wp-page\" data-elementor-id=\"927\" class=\"elementor elementor-927\" data-elementor-post-type=\"page\">\n\t\t\t\t<div class=\"elementor-element elementor-element-7da580a e-flex e-con-boxed e-con e-parent\" data-id=\"7da580a\" data-element_type=\"container\" data-e-type=\"container\">\n\t\t\t\t\t<div class=\"e-con-inner\">\n\t\t\t\t<div class=\"elementor-element elementor-element-b20c687 elementor-widget elementor-widget-spacer\" data-id=\"b20c687\" data-element_type=\"widget\" data-e-type=\"widget\" data-widget_type=\"spacer.default\">\n\t\t\t\t\t\t\t<div class=\"elementor-spacer\">\n\t\t\t<div class=\"elementor-spacer-inner\"><\/div>\n\t\t<\/div>\n\t\t\t\t\t\t<\/div>\n\t\t\t\t\t<\/div>\n\t\t\t\t<\/div>\n\t\t<div class=\"elementor-element elementor-element-41e217b e-flex e-con-boxed e-con e-parent\" data-id=\"41e217b\" data-element_type=\"container\" data-e-type=\"container\">\n\t\t\t\t\t<div class=\"e-con-inner\">\n\t\t<div class=\"elementor-element elementor-element-1da20b2 e-flex e-con-boxed e-con e-child\" data-id=\"1da20b2\" data-element_type=\"container\" data-e-type=\"container\" data-settings=\"{&quot;background_background&quot;:&quot;gradient&quot;}\">\n\t\t\t\t\t<div class=\"e-con-inner\">\n\t\t<div class=\"elementor-element elementor-element-112a2c9 e-flex e-con-boxed e-con e-child\" data-id=\"112a2c9\" data-element_type=\"container\" data-e-type=\"container\">\n\t\t\t\t\t<div class=\"e-con-inner\">\n\t\t<div class=\"elementor-element elementor-element-681524c e-flex e-con-boxed e-con e-child\" data-id=\"681524c\" data-element_type=\"container\" data-e-type=\"container\">\n\t\t\t\t\t<div class=\"e-con-inner\">\n\t\t\t\t<div class=\"elementor-element elementor-element-1e117ec elementor-widget elementor-widget-image\" data-id=\"1e117ec\" data-element_type=\"widget\" data-e-type=\"widget\" data-widget_type=\"image.default\">\n\t\t\t\t\t\t\t\t\t\t\t\t\t\t\t<img decoding=\"async\" width=\"150\" height=\"150\" src=\"https:\/\/ecloreave.fr\/wp-content\/uploads\/2025\/08\/Icone_papillon_Site-removebg-preview-150x150.png\" class=\"attachment-thumbnail size-thumbnail wp-image-504\" alt=\"\" srcset=\"https:\/\/ecloreave.fr\/wp-content\/uploads\/2025\/08\/Icone_papillon_Site-removebg-preview-150x150.png 150w, https:\/\/ecloreave.fr\/wp-content\/uploads\/2025\/08\/Icone_papillon_Site-removebg-preview-300x300.png 300w, https:\/\/ecloreave.fr\/wp-content\/uploads\/2025\/08\/Icone_papillon_Site-removebg-preview.png 500w\" sizes=\"(max-width: 150px) 100vw, 150px\" \/>\t\t\t\t\t\t\t\t\t\t\t\t\t\t\t<\/div>\n\t\t\t\t<div class=\"elementor-element elementor-element-d0a5c14 elementor-widget elementor-widget-heading\" data-id=\"d0a5c14\" data-element_type=\"widget\" data-e-type=\"widget\" data-widget_type=\"heading.default\">\n\t\t\t\t\t<h1 class=\"elementor-heading-title elementor-size-default\">\u00c9cloR\u00e9ave<\/h1>\t\t\t\t<\/div>\n\t\t\t\t\t<\/div>\n\t\t\t\t<\/div>\n\t\t<div class=\"elementor-element elementor-element-2c49b1c e-flex e-con-boxed e-con e-child\" data-id=\"2c49b1c\" data-element_type=\"container\" data-e-type=\"container\">\n\t\t\t\t\t<div class=\"e-con-inner\">\n\t\t\t\t<div class=\"elementor-element elementor-element-9c6dccc elementor-nav-menu__align-end elementor-nav-menu--dropdown-tablet elementor-nav-menu__text-align-aside elementor-nav-menu--toggle elementor-nav-menu--burger elementor-widget elementor-widget-nav-menu\" data-id=\"9c6dccc\" data-element_type=\"widget\" data-e-type=\"widget\" data-settings=\"{&quot;layout&quot;:&quot;horizontal&quot;,&quot;submenu_icon&quot;:{&quot;value&quot;:&quot;&lt;svg aria-hidden=\\&quot;true\\&quot; class=\\&quot;e-font-icon-svg e-fas-caret-down\\&quot; viewBox=\\&quot;0 0 320 512\\&quot; xmlns=\\&quot;http:\\\/\\\/www.w3.org\\\/2000\\\/svg\\&quot;&gt;&lt;path d=\\&quot;M31.3 192h257.3c17.8 0 26.7 21.5 14.1 34.1L174.1 354.8c-7.8 7.8-20.5 7.8-28.3 0L17.2 226.1C4.6 213.5 13.5 192 31.3 192z\\&quot;&gt;&lt;\\\/path&gt;&lt;\\\/svg&gt;&quot;,&quot;library&quot;:&quot;fa-solid&quot;},&quot;toggle&quot;:&quot;burger&quot;}\" data-widget_type=\"nav-menu.default\">\n\t\t\t\t\t\t\t\t<nav aria-label=\"Menu\" class=\"elementor-nav-menu--main elementor-nav-menu__container elementor-nav-menu--layout-horizontal e--pointer-text e--animation-grow\">\r\n\t\t\t\t<ul id=\"menu-1-9c6dccc\" class=\"elementor-nav-menu\"><li class=\"menu-item menu-item-type-post_type menu-item-object-page menu-item-home menu-item-353\"><a href=\"https:\/\/ecloreave.fr\/\" class=\"elementor-item menu-link\">Accueil<\/a><\/li>\n<li class=\"menu-item menu-item-type-post_type menu-item-object-page menu-item-114\"><a href=\"https:\/\/ecloreave.fr\/index.php\/qui-suis-je\/\" class=\"elementor-item menu-link\">Qui suis-je<\/a><\/li>\n<li class=\"menu-item menu-item-type-post_type menu-item-object-page menu-item-902\"><a href=\"https:\/\/ecloreave.fr\/index.php\/blog\/\" class=\"elementor-item menu-link\">blog<\/a><\/li>\n<li class=\"menu-item menu-item-type-post_type menu-item-object-page menu-item-113\"><a href=\"https:\/\/ecloreave.fr\/index.php\/mes-services\/\" class=\"elementor-item menu-link\">Mes services<\/a><\/li>\n<li class=\"menu-item menu-item-type-post_type menu-item-object-page menu-item-320\"><a href=\"https:\/\/ecloreave.fr\/index.php\/contact\/\" class=\"elementor-item menu-link\">Contact<\/a><\/li>\n<\/ul>\t\t\t<\/nav>\r\n\t\t\t\t\t<div class=\"elementor-menu-toggle\" role=\"button\" tabindex=\"0\" aria-label=\"Menu Toggle\" aria-expanded=\"false\">\r\n\t\t\t<svg aria-hidden=\"true\" role=\"presentation\" class=\"elementor-menu-toggle__icon--open e-font-icon-svg e-eicon-menu-bar\" viewBox=\"0 0 1000 1000\" xmlns=\"http:\/\/www.w3.org\/2000\/svg\"><path d=\"M104 333H896C929 333 958 304 958 271S929 208 896 208H104C71 208 42 237 42 271S71 333 104 333ZM104 583H896C929 583 958 554 958 521S929 458 896 458H104C71 458 42 487 42 521S71 583 104 583ZM104 833H896C929 833 958 804 958 771S929 708 896 708H104C71 708 42 737 42 771S71 833 104 833Z\"><\/path><\/svg><svg aria-hidden=\"true\" role=\"presentation\" class=\"elementor-menu-toggle__icon--close e-font-icon-svg e-eicon-close\" viewBox=\"0 0 1000 1000\" xmlns=\"http:\/\/www.w3.org\/2000\/svg\"><path d=\"M742 167L500 408 258 167C246 154 233 150 217 150 196 150 179 158 167 167 154 179 150 196 150 212 150 229 154 242 171 254L408 500 167 742C138 771 138 800 167 829 196 858 225 858 254 829L496 587 738 829C750 842 767 846 783 846 800 846 817 842 829 829 842 817 846 804 846 783 846 767 842 750 829 737L588 500 833 258C863 229 863 200 833 171 804 137 775 137 742 167Z\"><\/path><\/svg>\t\t<\/div>\r\n\t\t\t\t\t<nav class=\"elementor-nav-menu--dropdown elementor-nav-menu__container\" aria-hidden=\"true\">\r\n\t\t\t\t<ul id=\"menu-2-9c6dccc\" class=\"elementor-nav-menu\"><li class=\"menu-item menu-item-type-post_type menu-item-object-page menu-item-home menu-item-353\"><a href=\"https:\/\/ecloreave.fr\/\" class=\"elementor-item menu-link\" tabindex=\"-1\">Accueil<\/a><\/li>\n<li class=\"menu-item menu-item-type-post_type menu-item-object-page menu-item-114\"><a href=\"https:\/\/ecloreave.fr\/index.php\/qui-suis-je\/\" class=\"elementor-item menu-link\" tabindex=\"-1\">Qui suis-je<\/a><\/li>\n<li class=\"menu-item menu-item-type-post_type menu-item-object-page menu-item-902\"><a href=\"https:\/\/ecloreave.fr\/index.php\/blog\/\" class=\"elementor-item menu-link\" tabindex=\"-1\">blog<\/a><\/li>\n<li class=\"menu-item menu-item-type-post_type menu-item-object-page menu-item-113\"><a href=\"https:\/\/ecloreave.fr\/index.php\/mes-services\/\" class=\"elementor-item menu-link\" tabindex=\"-1\">Mes services<\/a><\/li>\n<li class=\"menu-item menu-item-type-post_type menu-item-object-page menu-item-320\"><a href=\"https:\/\/ecloreave.fr\/index.php\/contact\/\" class=\"elementor-item menu-link\" tabindex=\"-1\">Contact<\/a><\/li>\n<\/ul>\t\t\t<\/nav>\r\n\t\t\t\t\t\t<\/div>\n\t\t\t\t\t<\/div>\n\t\t\t\t<\/div>\n\t\t\t\t\t<\/div>\n\t\t\t\t<\/div>\n\t\t<div class=\"elementor-element elementor-element-54dc7bc e-flex e-con-boxed e-con e-child\" data-id=\"54dc7bc\" data-element_type=\"container\" data-e-type=\"container\">\n\t\t\t\t\t<div class=\"e-con-inner\">\n\t\t<div class=\"elementor-element elementor-element-747ec65 e-flex e-con-boxed e-con e-child\" data-id=\"747ec65\" data-element_type=\"container\" data-e-type=\"container\" data-settings=\"{&quot;background_background&quot;:&quot;classic&quot;}\">\n\t\t\t\t\t<div class=\"e-con-inner\">\n\t\t\t\t<div class=\"elementor-element elementor-element-506c096 elementor-widget elementor-widget-text-editor\" data-id=\"506c096\" data-element_type=\"widget\" data-e-type=\"widget\" data-widget_type=\"text-editor.default\">\n\t\t\t\t\t\t\t\t\t<h1 data-start=\"220\" data-end=\"241\">\ud83d\udcd1 <em>Mentions l\u00e9gales<\/em><\/h1><p data-start=\"243\" data-end=\"501\">Conform\u00e9ment aux dispositions des articles 6-III et 19 de la Loi n\u00b02004-575 du 21 juin 2004 pour la Confiance dans l\u2019\u00c9conomie Num\u00e9rique (LCEN), il est port\u00e9 \u00e0 la connaissance des utilisateurs et visiteurs du site <strong data-start=\"456\" data-end=\"469\">\u00c9cloreave<\/strong> les pr\u00e9sentes mentions l\u00e9gales.<\/p>\t\t\t\t\t\t\t\t<\/div>\n\t\t\t\t<div class=\"elementor-element elementor-element-fa57533 elementor-widget-divider--view-line elementor-widget elementor-widget-divider\" data-id=\"fa57533\" data-element_type=\"widget\" data-e-type=\"widget\" data-widget_type=\"divider.default\">\n\t\t\t\t\t\t\t<div class=\"elementor-divider\">\n\t\t\t<span class=\"elementor-divider-separator\">\n\t\t\t\t\t\t<\/span>\n\t\t<\/div>\n\t\t\t\t\t\t<\/div>\n\t\t\t\t<div class=\"elementor-element elementor-element-48e31fd elementor-widget elementor-widget-text-editor\" data-id=\"48e31fd\" data-element_type=\"widget\" data-e-type=\"widget\" data-widget_type=\"text-editor.default\">\n\t\t\t\t\t\t\t\t\t<h2 data-start=\"508\" data-end=\"534\">1. <em>Informations l\u00e9gales<\/em><\/h2><p data-start=\"536\" data-end=\"838\"><strong data-start=\"536\" data-end=\"557\">\u00c9diteur du site :<\/strong><br data-start=\"557\" data-end=\"560\" \/>Nom : [Ton pr\u00e9nom + nom \/ ou raison sociale de ton entreprise]<br data-start=\"622\" data-end=\"625\" \/>Statut : [Micro-entrepreneur \/ Auto-entrepreneur]<br data-start=\"674\" data-end=\"677\" \/>SIRET : [Ton num\u00e9ro de SIRET une fois obtenu]<br data-start=\"722\" data-end=\"725\" \/>Adresse : [Ton adresse postale]<br data-start=\"756\" data-end=\"759\" \/>T\u00e9l\u00e9phone : [Ton num\u00e9ro de t\u00e9l\u00e9phone]<br data-start=\"796\" data-end=\"799\" \/>Email : [Ton adresse mail de contact]<\/p><p data-start=\"840\" data-end=\"888\"><strong data-start=\"840\" data-end=\"873\">Directeur de la publication :<\/strong><br data-start=\"873\" data-end=\"876\" \/>[Toi-m\u00eame]<\/p>\t\t\t\t\t\t\t\t<\/div>\n\t\t\t\t<div class=\"elementor-element elementor-element-10bf6ee elementor-widget-divider--view-line elementor-widget elementor-widget-divider\" data-id=\"10bf6ee\" data-element_type=\"widget\" data-e-type=\"widget\" data-widget_type=\"divider.default\">\n\t\t\t\t\t\t\t<div class=\"elementor-divider\">\n\t\t\t<span class=\"elementor-divider-separator\">\n\t\t\t\t\t\t<\/span>\n\t\t<\/div>\n\t\t\t\t\t\t<\/div>\n\t\t\t\t<div class=\"elementor-element elementor-element-d4a093c elementor-widget elementor-widget-text-editor\" data-id=\"d4a093c\" data-element_type=\"widget\" data-e-type=\"widget\" data-widget_type=\"text-editor.default\">\n\t\t\t\t\t\t\t\t\t<h2 data-start=\"895\" data-end=\"912\">2. <em>H\u00e9bergement<\/em><\/h2><p data-start=\"102\" data-end=\"199\"><strong data-start=\"102\" data-end=\"123\">\u00c9diteur du site :<\/strong><br data-start=\"123\" data-end=\"126\" \/>Le site \u00c9cloreave est \u00e9dit\u00e9 par l\u2019auto\u2011entreprise <strong data-start=\"184\" data-end=\"196\">Dom3Tech<\/strong>.<\/p><p data-start=\"201\" data-end=\"290\"><strong data-start=\"201\" data-end=\"218\">H\u00e9bergement :<\/strong><br data-start=\"218\" data-end=\"221\" \/>Le site est h\u00e9berg\u00e9 sur un serveur personnel g\u00e9r\u00e9 par <strong data-start=\"275\" data-end=\"287\">Dom3Tech<\/strong>.<\/p><p data-start=\"292\" data-end=\"365\"><strong data-start=\"292\" data-end=\"312\">Nom de domaine :<\/strong><br data-start=\"312\" data-end=\"315\" \/>Le nom de domaine est enregistr\u00e9 chez <strong data-start=\"353\" data-end=\"362\">IONOS<\/strong>.<\/p><p data-start=\"367\" data-end=\"404\"><strong data-start=\"367\" data-end=\"380\">Contact :<\/strong><br data-start=\"380\" data-end=\"383\" \/>Email : dom3tech@gmail.com<\/p>\t\t\t\t\t\t\t\t<\/div>\n\t\t\t\t<div class=\"elementor-element elementor-element-fe45359 elementor-widget-divider--view-line elementor-widget elementor-widget-divider\" data-id=\"fe45359\" data-element_type=\"widget\" data-e-type=\"widget\" data-widget_type=\"divider.default\">\n\t\t\t\t\t\t\t<div class=\"elementor-divider\">\n\t\t\t<span class=\"elementor-divider-separator\">\n\t\t\t\t\t\t<\/span>\n\t\t<\/div>\n\t\t\t\t\t\t<\/div>\n\t\t\t\t<div class=\"elementor-element elementor-element-0f83617 elementor-widget elementor-widget-text-editor\" data-id=\"0f83617\" data-element_type=\"widget\" data-e-type=\"widget\" data-widget_type=\"text-editor.default\">\n\t\t\t\t\t\t\t\t\t<h2 data-start=\"1101\" data-end=\"1131\">3. <em>Propri\u00e9t\u00e9 intellectuelle<\/em><\/h2><p data-start=\"1133\" data-end=\"1317\">L\u2019ensemble du contenu pr\u00e9sent sur le site <strong data-start=\"1175\" data-end=\"1188\">\u00c9cloreave<\/strong> (textes, images, graphismes, logo, ic\u00f4nes, etc.) est, sauf mention contraire, la propri\u00e9t\u00e9 exclusive de [Ton nom \/ \u00c9cloreave].<\/p><p data-start=\"1319\" data-end=\"1517\">Toute reproduction, repr\u00e9sentation, modification, publication, adaptation totale ou partielle du contenu du site, par quelque proc\u00e9d\u00e9 que ce soit, est interdite sans autorisation \u00e9crite pr\u00e9alable.<\/p>\t\t\t\t\t\t\t\t<\/div>\n\t\t\t\t<div class=\"elementor-element elementor-element-e968472 elementor-widget-divider--view-line elementor-widget elementor-widget-divider\" data-id=\"e968472\" data-element_type=\"widget\" data-e-type=\"widget\" data-widget_type=\"divider.default\">\n\t\t\t\t\t\t\t<div class=\"elementor-divider\">\n\t\t\t<span class=\"elementor-divider-separator\">\n\t\t\t\t\t\t<\/span>\n\t\t<\/div>\n\t\t\t\t\t\t<\/div>\n\t\t\t\t<div class=\"elementor-element elementor-element-06e4aca elementor-widget elementor-widget-text-editor\" data-id=\"06e4aca\" data-element_type=\"widget\" data-e-type=\"widget\" data-widget_type=\"text-editor.default\">\n\t\t\t\t\t\t\t\t\t<h2 data-start=\"1524\" data-end=\"1557\">4. <em>Donn\u00e9es personnelles (RGPD)<\/em><\/h2><p data-start=\"1559\" data-end=\"1629\">Le site peut collecter des informations personnelles dans le cadre :<\/p><ul data-start=\"1630\" data-end=\"1777\"><li data-start=\"1630\" data-end=\"1661\"><p data-start=\"1632\" data-end=\"1661\">d\u2019un formulaire de contact,<\/p><\/li><li data-start=\"1662\" data-end=\"1701\"><p data-start=\"1664\" data-end=\"1701\">d\u2019une inscription \u00e0 une newsletter,<\/p><\/li><li data-start=\"1702\" data-end=\"1777\"><p data-start=\"1704\" data-end=\"1777\">ou de l\u2019utilisation de cookies pour am\u00e9liorer l\u2019exp\u00e9rience utilisateur.<\/p><\/li><\/ul><p data-start=\"1779\" data-end=\"1978\">Conform\u00e9ment au R\u00e8glement G\u00e9n\u00e9ral sur la Protection des Donn\u00e9es (RGPD \u2013 UE 2016\/679), vous disposez d\u2019un droit d\u2019acc\u00e8s, de rectification, de suppression et d\u2019opposition de vos donn\u00e9es personnelles.<\/p><p data-start=\"1980\" data-end=\"2045\">Pour toute demande, \u00e9crivez \u00e0 : [Ton adresse email de contact].<\/p>\t\t\t\t\t\t\t\t<\/div>\n\t\t\t\t<div class=\"elementor-element elementor-element-11845b2 elementor-widget-divider--view-line elementor-widget elementor-widget-divider\" data-id=\"11845b2\" data-element_type=\"widget\" data-e-type=\"widget\" data-widget_type=\"divider.default\">\n\t\t\t\t\t\t\t<div class=\"elementor-divider\">\n\t\t\t<span class=\"elementor-divider-separator\">\n\t\t\t\t\t\t<\/span>\n\t\t<\/div>\n\t\t\t\t\t\t<\/div>\n\t\t\t\t<div class=\"elementor-element elementor-element-1a9356b elementor-widget elementor-widget-text-editor\" data-id=\"1a9356b\" data-element_type=\"widget\" data-e-type=\"widget\" data-widget_type=\"text-editor.default\">\n\t\t\t\t\t\t\t\t\t<h2 data-start=\"2052\" data-end=\"2065\">5. <em>Cookies<\/em><\/h2><p data-start=\"2067\" data-end=\"2251\">Le site peut utiliser des cookies afin d\u2019am\u00e9liorer la navigation et les services propos\u00e9s. L\u2019utilisateur a la possibilit\u00e9 de refuser les cookies via les param\u00e8tres de son navigateur.<\/p>\t\t\t\t\t\t\t\t<\/div>\n\t\t\t\t<div class=\"elementor-element elementor-element-92d366c elementor-widget-divider--view-line elementor-widget elementor-widget-divider\" data-id=\"92d366c\" data-element_type=\"widget\" data-e-type=\"widget\" data-widget_type=\"divider.default\">\n\t\t\t\t\t\t\t<div class=\"elementor-divider\">\n\t\t\t<span class=\"elementor-divider-separator\">\n\t\t\t\t\t\t<\/span>\n\t\t<\/div>\n\t\t\t\t\t\t<\/div>\n\t\t\t\t<div class=\"elementor-element elementor-element-0975a6e elementor-widget elementor-widget-text-editor\" data-id=\"0975a6e\" data-element_type=\"widget\" data-e-type=\"widget\" data-widget_type=\"text-editor.default\">\n\t\t\t\t\t\t\t\t\t<h2 data-start=\"2258\" data-end=\"2278\">6. <em>Responsabilit\u00e9<\/em><\/h2><p data-start=\"2280\" data-end=\"2553\">Le site <strong data-start=\"2288\" data-end=\"2301\">\u00c9cloreave<\/strong> a pour objectif de partager des informations, conseils et r\u00e9flexions autour du d\u00e9veloppement personnel et du coaching de vie.<br data-start=\"2427\" data-end=\"2430\" \/>Il ne saurait \u00eatre tenu responsable des erreurs, omissions ou r\u00e9sultats obtenus par un mauvais usage de ces informations.<\/p>\t\t\t\t\t\t\t\t<\/div>\n\t\t\t\t<div class=\"elementor-element elementor-element-aa317cc elementor-widget-divider--view-line elementor-widget elementor-widget-divider\" data-id=\"aa317cc\" data-element_type=\"widget\" data-e-type=\"widget\" data-widget_type=\"divider.default\">\n\t\t\t\t\t\t\t<div class=\"elementor-divider\">\n\t\t\t<span class=\"elementor-divider-separator\">\n\t\t\t\t\t\t<\/span>\n\t\t<\/div>\n\t\t\t\t\t\t<\/div>\n\t\t\t\t<div class=\"elementor-element elementor-element-5edf14f elementor-widget elementor-widget-text-editor\" data-id=\"5edf14f\" data-element_type=\"widget\" data-e-type=\"widget\" data-widget_type=\"text-editor.default\">\n\t\t\t\t\t\t\t\t\t<h3 data-start=\"2560\" data-end=\"2582\">7. <em>Droit applicable<\/em><\/h3><p data-start=\"2584\" data-end=\"2747\">Les pr\u00e9sentes mentions l\u00e9gales sont soumises au droit fran\u00e7ais. Tout litige relatif \u00e0 leur interpr\u00e9tation et\/ou \u00e0 leur ex\u00e9cution rel\u00e8ve des tribunaux comp\u00e9tents.<\/p>\t\t\t\t\t\t\t\t<\/div>\n\t\t\t\t\t<\/div>\n\t\t\t\t<\/div>\n\t\t\t\t\t<\/div>\n\t\t\t\t<\/div>\n\t\t\t\t\t<\/div>\n\t\t\t\t<\/div>\n\t\t\t\t\t<\/div>\n\t\t\t\t<\/div>\n\t\t<div class=\"elementor-element elementor-element-84830a3 e-flex e-con-boxed e-con e-parent\" data-id=\"84830a3\" data-element_type=\"container\" data-e-type=\"container\">\n\t\t\t\t\t<div class=\"e-con-inner\">\n\t\t\t\t<div class=\"elementor-element elementor-element-9a673a1 elementor-widget elementor-widget-spacer\" data-id=\"9a673a1\" data-element_type=\"widget\" data-e-type=\"widget\" data-widget_type=\"spacer.default\">\n\t\t\t\t\t\t\t<div class=\"elementor-spacer\">\n\t\t\t<div class=\"elementor-spacer-inner\"><\/div>\n\t\t<\/div>\n\t\t\t\t\t\t<\/div>\n\t\t\t\t\t<\/div>\n\t\t\t\t<\/div>\n\t\t\t\t<\/div>\n\t\t","protected":false},"excerpt":{"rendered":"<p>\u00c9cloR\u00e9ave \ud83d\udcd1 Mentions l\u00e9gales Conform\u00e9ment aux dispositions des articles 6-III et 19 de la Loi n\u00b02004-575 du 21 juin 2004 [&hellip;]<\/p>\n","protected":false},"author":1,"featured_media":0,"parent":0,"menu_order":0,"comment_status":"closed","ping_status":"closed","template":"","meta":{"site-sidebar-layout":"no-sidebar","site-content-layout":"","ast-site-content-layout":"full-width-container","site-content-style":"default","site-sidebar-style":"default","ast-global-header-display":"","ast-banner-title-visibility":"","ast-main-header-display":"","ast-hfb-above-header-display":"","ast-hfb-below-header-display":"","ast-hfb-mobile-header-display":"","site-post-title":"disabled","ast-breadcrumbs-content":"","ast-featured-img":"disabled","footer-sml-layout":"","ast-disable-related-posts":"","theme-transparent-header-meta":"","adv-header-id-meta":"","stick-header-meta":"","header-above-stick-meta":"","header-main-stick-meta":"","header-below-stick-meta":"","astra-migrate-meta-layouts":"default","ast-page-background-enabled":"default","ast-page-background-meta":{"desktop":{"background-color":"var(--ast-global-color-5)","background-image":"","background-repeat":"repeat","background-position":"center center","background-size":"auto","background-attachment":"scroll","background-type":"","background-media":"","overlay-type":"","overlay-color":"","overlay-opacity":"","overlay-gradient":""},"tablet":{"background-color":"","background-image":"","background-repeat":"repeat","background-position":"center center","background-size":"auto","background-attachment":"scroll","background-type":"","background-media":"","overlay-type":"","overlay-color":"","overlay-opacity":"","overlay-gradient":""},"mobile":{"background-color":"","background-image":"","background-repeat":"repeat","background-position":"center center","background-size":"auto","background-attachment":"scroll","background-type":"","background-media":"","overlay-type":"","overlay-color":"","overlay-opacity":"","overlay-gradient":""}},"ast-content-background-meta":{"desktop":{"background-color":"var(--ast-global-color-4)","background-image":"","background-repeat":"repeat","background-position":"center center","background-size":"auto","background-attachment":"scroll","background-type":"","background-media":"","overlay-type":"","overlay-color":"","overlay-opacity":"","overlay-gradient":""},"tablet":{"background-color":"var(--ast-global-color-4)","background-image":"","background-repeat":"repeat","background-position":"center center","background-size":"auto","background-attachment":"scroll","background-type":"","background-media":"","overlay-type":"","overlay-color":"","overlay-opacity":"","overlay-gradient":""},"mobile":{"background-color":"var(--ast-global-color-4)","background-image":"","background-repeat":"repeat","background-position":"center center","background-size":"auto","background-attachment":"scroll","background-type":"","background-media":"","overlay-type":"","overlay-color":"","overlay-opacity":"","overlay-gradient":""}},"footnotes":""},"class_list":["post-927","page","type-page","status-publish","hentry"],"_links":{"self":[{"href":"https:\/\/ecloreave.fr\/index.php\/wp-json\/wp\/v2\/pages\/927","targetHints":{"allow":["GET"]}}],"collection":[{"href":"https:\/\/ecloreave.fr\/index.php\/wp-json\/wp\/v2\/pages"}],"about":[{"href":"https:\/\/ecloreave.fr\/index.php\/wp-json\/wp\/v2\/types\/page"}],"author":[{"embeddable":true,"href":"https:\/\/ecloreave.fr\/index.php\/wp-json\/wp\/v2\/users\/1"}],"replies":[{"embeddable":true,"href":"https:\/\/ecloreave.fr\/index.php\/wp-json\/wp\/v2\/comments?post=927"}],"version-history":[{"count":68,"href":"https:\/\/ecloreave.fr\/index.php\/wp-json\/wp\/v2\/pages\/927\/revisions"}],"predecessor-version":[{"id":1124,"href":"https:\/\/ecloreave.fr\/index.php\/wp-json\/wp\/v2\/pages\/927\/revisions\/1124"}],"wp:attachment":[{"href":"https:\/\/ecloreave.fr\/index.php\/wp-json\/wp\/v2\/media?parent=927"}],"curies":[{"name":"wp","href":"https:\/\/api.w.org\/{rel}","templated":true}]}}