{"id":995,"date":"2025-08-21T10:11:50","date_gmt":"2025-08-21T08:11:50","guid":{"rendered":"https:\/\/ecloreave.fr\/?page_id=995"},"modified":"2025-08-21T10:58:20","modified_gmt":"2025-08-21T08:58:20","slug":"politique-de-confidentialite","status":"publish","type":"page","link":"https:\/\/ecloreave.fr\/index.php\/politique-de-confidentialite\/","title":{"rendered":"Politique de confidentialit\u00e9"},"content":{"rendered":"\t\t<div data-elementor-type=\"wp-page\" data-elementor-id=\"995\" class=\"elementor elementor-995\" data-elementor-post-type=\"page\">\n\t\t\t\t<div class=\"elementor-element elementor-element-f2ade7c e-flex e-con-boxed e-con e-parent\" data-id=\"f2ade7c\" data-element_type=\"container\" data-e-type=\"container\">\n\t\t\t\t\t<div class=\"e-con-inner\">\n\t\t\t\t<div class=\"elementor-element elementor-element-6528424 elementor-widget elementor-widget-spacer\" data-id=\"6528424\" data-element_type=\"widget\" data-e-type=\"widget\" data-widget_type=\"spacer.default\">\n\t\t\t\t\t\t\t<div class=\"elementor-spacer\">\n\t\t\t<div class=\"elementor-spacer-inner\"><\/div>\n\t\t<\/div>\n\t\t\t\t\t\t<\/div>\n\t\t\t\t\t<\/div>\n\t\t\t\t<\/div>\n\t\t<div class=\"elementor-element elementor-element-dd3972f e-flex e-con-boxed e-con e-parent\" data-id=\"dd3972f\" data-element_type=\"container\" data-e-type=\"container\">\n\t\t\t\t\t<div class=\"e-con-inner\">\n\t\t<div class=\"elementor-element elementor-element-9190c6e e-flex e-con-boxed e-con e-child\" data-id=\"9190c6e\" data-element_type=\"container\" data-e-type=\"container\" data-settings=\"{&quot;background_background&quot;:&quot;gradient&quot;}\">\n\t\t\t\t\t<div class=\"e-con-inner\">\n\t\t<div class=\"elementor-element elementor-element-0b227c8 e-flex e-con-boxed e-con e-child\" data-id=\"0b227c8\" data-element_type=\"container\" data-e-type=\"container\">\n\t\t\t\t\t<div class=\"e-con-inner\">\n\t\t<div class=\"elementor-element elementor-element-f8038ec e-flex e-con-boxed e-con e-child\" data-id=\"f8038ec\" data-element_type=\"container\" data-e-type=\"container\">\n\t\t\t\t\t<div class=\"e-con-inner\">\n\t\t\t\t<div class=\"elementor-element elementor-element-f4a3540 elementor-widget elementor-widget-image\" data-id=\"f4a3540\" data-element_type=\"widget\" data-e-type=\"widget\" data-widget_type=\"image.default\">\n\t\t\t\t\t\t\t\t\t\t\t\t\t\t\t<img decoding=\"async\" width=\"150\" height=\"150\" src=\"https:\/\/ecloreave.fr\/wp-content\/uploads\/2025\/08\/Icone_papillon_Site-removebg-preview-150x150.png\" class=\"attachment-thumbnail size-thumbnail wp-image-504\" alt=\"\" srcset=\"https:\/\/ecloreave.fr\/wp-content\/uploads\/2025\/08\/Icone_papillon_Site-removebg-preview-150x150.png 150w, https:\/\/ecloreave.fr\/wp-content\/uploads\/2025\/08\/Icone_papillon_Site-removebg-preview-300x300.png 300w, https:\/\/ecloreave.fr\/wp-content\/uploads\/2025\/08\/Icone_papillon_Site-removebg-preview.png 500w\" sizes=\"(max-width: 150px) 100vw, 150px\" \/>\t\t\t\t\t\t\t\t\t\t\t\t\t\t\t<\/div>\n\t\t\t\t<div class=\"elementor-element elementor-element-f0f5b9f elementor-widget elementor-widget-heading\" data-id=\"f0f5b9f\" data-element_type=\"widget\" data-e-type=\"widget\" data-widget_type=\"heading.default\">\n\t\t\t\t\t<h1 class=\"elementor-heading-title elementor-size-default\">\u00c9cloR\u00e9ave<\/h1>\t\t\t\t<\/div>\n\t\t\t\t\t<\/div>\n\t\t\t\t<\/div>\n\t\t<div class=\"elementor-element elementor-element-2d0c9a5 e-flex e-con-boxed e-con e-child\" data-id=\"2d0c9a5\" data-element_type=\"container\" data-e-type=\"container\">\n\t\t\t\t\t<div class=\"e-con-inner\">\n\t\t\t\t<div class=\"elementor-element elementor-element-1fb7d98 elementor-nav-menu__align-end elementor-nav-menu--dropdown-tablet elementor-nav-menu__text-align-aside elementor-nav-menu--toggle elementor-nav-menu--burger elementor-widget elementor-widget-nav-menu\" data-id=\"1fb7d98\" data-element_type=\"widget\" data-e-type=\"widget\" data-settings=\"{&quot;layout&quot;:&quot;horizontal&quot;,&quot;submenu_icon&quot;:{&quot;value&quot;:&quot;&lt;svg aria-hidden=\\&quot;true\\&quot; class=\\&quot;e-font-icon-svg e-fas-caret-down\\&quot; viewBox=\\&quot;0 0 320 512\\&quot; xmlns=\\&quot;http:\\\/\\\/www.w3.org\\\/2000\\\/svg\\&quot;&gt;&lt;path d=\\&quot;M31.3 192h257.3c17.8 0 26.7 21.5 14.1 34.1L174.1 354.8c-7.8 7.8-20.5 7.8-28.3 0L17.2 226.1C4.6 213.5 13.5 192 31.3 192z\\&quot;&gt;&lt;\\\/path&gt;&lt;\\\/svg&gt;&quot;,&quot;library&quot;:&quot;fa-solid&quot;},&quot;toggle&quot;:&quot;burger&quot;}\" data-widget_type=\"nav-menu.default\">\n\t\t\t\t\t\t\t\t<nav aria-label=\"Menu\" class=\"elementor-nav-menu--main elementor-nav-menu__container elementor-nav-menu--layout-horizontal e--pointer-text e--animation-grow\">\r\n\t\t\t\t<ul id=\"menu-1-1fb7d98\" class=\"elementor-nav-menu\"><li class=\"menu-item menu-item-type-post_type menu-item-object-page menu-item-home menu-item-353\"><a href=\"https:\/\/ecloreave.fr\/\" class=\"elementor-item menu-link\">Accueil<\/a><\/li>\n<li class=\"menu-item menu-item-type-post_type menu-item-object-page menu-item-114\"><a href=\"https:\/\/ecloreave.fr\/index.php\/qui-suis-je\/\" class=\"elementor-item menu-link\">Qui suis-je<\/a><\/li>\n<li class=\"menu-item menu-item-type-post_type menu-item-object-page menu-item-902\"><a href=\"https:\/\/ecloreave.fr\/index.php\/blog\/\" class=\"elementor-item menu-link\">blog<\/a><\/li>\n<li class=\"menu-item menu-item-type-post_type menu-item-object-page menu-item-113\"><a href=\"https:\/\/ecloreave.fr\/index.php\/mes-services\/\" class=\"elementor-item menu-link\">Mes services<\/a><\/li>\n<li class=\"menu-item menu-item-type-post_type menu-item-object-page menu-item-320\"><a href=\"https:\/\/ecloreave.fr\/index.php\/contact\/\" class=\"elementor-item menu-link\">Contact<\/a><\/li>\n<\/ul>\t\t\t<\/nav>\r\n\t\t\t\t\t<div class=\"elementor-menu-toggle\" role=\"button\" tabindex=\"0\" aria-label=\"Menu Toggle\" aria-expanded=\"false\">\r\n\t\t\t<svg aria-hidden=\"true\" role=\"presentation\" class=\"elementor-menu-toggle__icon--open e-font-icon-svg e-eicon-menu-bar\" viewBox=\"0 0 1000 1000\" xmlns=\"http:\/\/www.w3.org\/2000\/svg\"><path d=\"M104 333H896C929 333 958 304 958 271S929 208 896 208H104C71 208 42 237 42 271S71 333 104 333ZM104 583H896C929 583 958 554 958 521S929 458 896 458H104C71 458 42 487 42 521S71 583 104 583ZM104 833H896C929 833 958 804 958 771S929 708 896 708H104C71 708 42 737 42 771S71 833 104 833Z\"><\/path><\/svg><svg aria-hidden=\"true\" role=\"presentation\" class=\"elementor-menu-toggle__icon--close e-font-icon-svg e-eicon-close\" viewBox=\"0 0 1000 1000\" xmlns=\"http:\/\/www.w3.org\/2000\/svg\"><path d=\"M742 167L500 408 258 167C246 154 233 150 217 150 196 150 179 158 167 167 154 179 150 196 150 212 150 229 154 242 171 254L408 500 167 742C138 771 138 800 167 829 196 858 225 858 254 829L496 587 738 829C750 842 767 846 783 846 800 846 817 842 829 829 842 817 846 804 846 783 846 767 842 750 829 737L588 500 833 258C863 229 863 200 833 171 804 137 775 137 742 167Z\"><\/path><\/svg>\t\t<\/div>\r\n\t\t\t\t\t<nav class=\"elementor-nav-menu--dropdown elementor-nav-menu__container\" aria-hidden=\"true\">\r\n\t\t\t\t<ul id=\"menu-2-1fb7d98\" class=\"elementor-nav-menu\"><li class=\"menu-item menu-item-type-post_type menu-item-object-page menu-item-home menu-item-353\"><a href=\"https:\/\/ecloreave.fr\/\" class=\"elementor-item menu-link\" tabindex=\"-1\">Accueil<\/a><\/li>\n<li class=\"menu-item menu-item-type-post_type menu-item-object-page menu-item-114\"><a href=\"https:\/\/ecloreave.fr\/index.php\/qui-suis-je\/\" class=\"elementor-item menu-link\" tabindex=\"-1\">Qui suis-je<\/a><\/li>\n<li class=\"menu-item menu-item-type-post_type menu-item-object-page menu-item-902\"><a href=\"https:\/\/ecloreave.fr\/index.php\/blog\/\" class=\"elementor-item menu-link\" tabindex=\"-1\">blog<\/a><\/li>\n<li class=\"menu-item menu-item-type-post_type menu-item-object-page menu-item-113\"><a href=\"https:\/\/ecloreave.fr\/index.php\/mes-services\/\" class=\"elementor-item menu-link\" tabindex=\"-1\">Mes services<\/a><\/li>\n<li class=\"menu-item menu-item-type-post_type menu-item-object-page menu-item-320\"><a href=\"https:\/\/ecloreave.fr\/index.php\/contact\/\" class=\"elementor-item menu-link\" tabindex=\"-1\">Contact<\/a><\/li>\n<\/ul>\t\t\t<\/nav>\r\n\t\t\t\t\t\t<\/div>\n\t\t\t\t\t<\/div>\n\t\t\t\t<\/div>\n\t\t\t\t\t<\/div>\n\t\t\t\t<\/div>\n\t\t<div class=\"elementor-element elementor-element-d473a3c e-flex e-con-boxed e-con e-child\" data-id=\"d473a3c\" data-element_type=\"container\" data-e-type=\"container\">\n\t\t\t\t\t<div class=\"e-con-inner\">\n\t\t<div class=\"elementor-element elementor-element-37a261f e-flex e-con-boxed e-con e-child\" data-id=\"37a261f\" data-element_type=\"container\" data-e-type=\"container\" data-settings=\"{&quot;background_background&quot;:&quot;classic&quot;}\">\n\t\t\t\t\t<div class=\"e-con-inner\">\n\t\t\t\t<div class=\"elementor-element elementor-element-8a714cd elementor-widget elementor-widget-text-editor\" data-id=\"8a714cd\" data-element_type=\"widget\" data-e-type=\"widget\" data-widget_type=\"text-editor.default\">\n\t\t\t\t\t\t\t\t\t<h1 data-start=\"1587\" data-end=\"1632\">\ud83d\udd12 <em>Politique de confidentialit\u00e9 \u2013 \u00c9cloreave<\/em><\/h1><p data-start=\"1634\" data-end=\"1884\">La pr\u00e9sente politique de confidentialit\u00e9 a pour but d\u2019informer les visiteurs du site <strong data-start=\"1719\" data-end=\"1732\">\u00c9cloreave<\/strong> sur la collecte, l\u2019utilisation et la protection de leurs donn\u00e9es personnelles conform\u00e9ment au R\u00e8glement G\u00e9n\u00e9ral sur la Protection des Donn\u00e9es (RGPD).<\/p>\t\t\t\t\t\t\t\t<\/div>\n\t\t\t\t<div class=\"elementor-element elementor-element-2758633 elementor-widget-divider--view-line elementor-widget elementor-widget-divider\" data-id=\"2758633\" data-element_type=\"widget\" data-e-type=\"widget\" data-widget_type=\"divider.default\">\n\t\t\t\t\t\t\t<div class=\"elementor-divider\">\n\t\t\t<span class=\"elementor-divider-separator\">\n\t\t\t\t\t\t<\/span>\n\t\t<\/div>\n\t\t\t\t\t\t<\/div>\n\t\t\t\t<div class=\"elementor-element elementor-element-af00440 elementor-widget elementor-widget-text-editor\" data-id=\"af00440\" data-element_type=\"widget\" data-e-type=\"widget\" data-widget_type=\"text-editor.default\">\n\t\t\t\t\t\t\t\t\t<h2 data-start=\"1891\" data-end=\"1915\">1. <em>Donn\u00e9es collect\u00e9es<\/em><\/h2><p data-start=\"1917\" data-end=\"2009\">Lors de votre navigation sur ce site, les informations suivantes peuvent \u00eatre collect\u00e9es :<\/p><ul data-start=\"2010\" data-end=\"2455\"><li data-start=\"2010\" data-end=\"2079\"><p data-start=\"2012\" data-end=\"2079\">via le <strong data-start=\"2019\" data-end=\"2044\">formulaire de contact<\/strong> : nom, adresse e-mail, message ;<\/p><\/li><li data-start=\"2080\" data-end=\"2183\"><p data-start=\"2082\" data-end=\"2183\">via <strong data-start=\"2086\" data-end=\"2106\">Google Analytics<\/strong> : adresse IP (anonymis\u00e9e), type de navigateur, dur\u00e9e et pages consult\u00e9es ;<\/p><\/li><li data-start=\"2184\" data-end=\"2277\"><p data-start=\"2186\" data-end=\"2277\">via <strong data-start=\"2190\" data-end=\"2201\">cookies<\/strong> : pr\u00e9f\u00e9rences de navigation, consentement ou refus de certains services ;<\/p><\/li><li data-start=\"2278\" data-end=\"2369\"><p data-start=\"2280\" data-end=\"2369\">via <strong data-start=\"2284\" data-end=\"2308\">Wordfence (s\u00e9curit\u00e9)<\/strong> : adresse IP, tentatives de connexion, activit\u00e9 suspecte ;<\/p><\/li><li data-start=\"2370\" data-end=\"2455\"><p data-start=\"2372\" data-end=\"2455\">via le <strong data-start=\"2379\" data-end=\"2394\">serveur web<\/strong> : journaux techniques (IP, date, page consult\u00e9e, erreurs).<\/p><\/li><\/ul>\t\t\t\t\t\t\t\t<\/div>\n\t\t\t\t<div class=\"elementor-element elementor-element-50954bb elementor-widget-divider--view-line elementor-widget elementor-widget-divider\" data-id=\"50954bb\" data-element_type=\"widget\" data-e-type=\"widget\" data-widget_type=\"divider.default\">\n\t\t\t\t\t\t\t<div class=\"elementor-divider\">\n\t\t\t<span class=\"elementor-divider-separator\">\n\t\t\t\t\t\t<\/span>\n\t\t<\/div>\n\t\t\t\t\t\t<\/div>\n\t\t\t\t<div class=\"elementor-element elementor-element-e7af963 elementor-widget elementor-widget-text-editor\" data-id=\"e7af963\" data-element_type=\"widget\" data-e-type=\"widget\" data-widget_type=\"text-editor.default\">\n\t\t\t\t\t\t\t\t\t<h2 data-start=\"2462\" data-end=\"2492\">2. <em>Finalit\u00e9s de la collecte<\/em><\/h2><p data-start=\"2494\" data-end=\"2541\">Les donn\u00e9es collect\u00e9es servent uniquement \u00e0 :<\/p><ul data-start=\"2542\" data-end=\"2839\"><li data-start=\"2542\" data-end=\"2606\"><p data-start=\"2544\" data-end=\"2606\">r\u00e9pondre aux messages envoy\u00e9s via le formulaire de contact ;<\/p><\/li><li data-start=\"2607\" data-end=\"2696\"><p data-start=\"2609\" data-end=\"2696\">am\u00e9liorer le contenu et l\u2019exp\u00e9rience utilisateur gr\u00e2ce aux statistiques anonymis\u00e9es ;<\/p><\/li><li data-start=\"2697\" data-end=\"2778\"><p data-start=\"2699\" data-end=\"2778\">assurer la s\u00e9curit\u00e9 du site (Wordfence bloque les connexions malveillantes) ;<\/p><\/li><li data-start=\"2779\" data-end=\"2839\"><p data-start=\"2781\" data-end=\"2839\">garantir le bon fonctionnement technique (logs serveur).<\/p><\/li><\/ul><p data-start=\"2841\" data-end=\"2931\">Vos donn\u00e9es <strong data-start=\"2853\" data-end=\"2892\">ne sont jamais vendues ni partag\u00e9es<\/strong> \u00e0 des tiers, sauf obligation l\u00e9gale.<\/p>\t\t\t\t\t\t\t\t<\/div>\n\t\t\t\t<div class=\"elementor-element elementor-element-0074b36 elementor-widget-divider--view-line elementor-widget elementor-widget-divider\" data-id=\"0074b36\" data-element_type=\"widget\" data-e-type=\"widget\" data-widget_type=\"divider.default\">\n\t\t\t\t\t\t\t<div class=\"elementor-divider\">\n\t\t\t<span class=\"elementor-divider-separator\">\n\t\t\t\t\t\t<\/span>\n\t\t<\/div>\n\t\t\t\t\t\t<\/div>\n\t\t\t\t<div class=\"elementor-element elementor-element-6b1aff1 elementor-widget elementor-widget-text-editor\" data-id=\"6b1aff1\" data-element_type=\"widget\" data-e-type=\"widget\" data-widget_type=\"text-editor.default\">\n\t\t\t\t\t\t\t\t\t<h2 data-start=\"2938\" data-end=\"2951\">3. <em>Cookies<\/em><\/h2><p data-start=\"2953\" data-end=\"3000\">Le site utilise diff\u00e9rents types de cookies :<\/p><ul data-start=\"3001\" data-end=\"3264\"><li data-start=\"3001\" data-end=\"3066\"><p data-start=\"3003\" data-end=\"3066\"><strong data-start=\"3003\" data-end=\"3026\">Cookies n\u00e9cessaires<\/strong> : assurent le fonctionnement du site.<\/p><\/li><li data-start=\"3067\" data-end=\"3172\"><p data-start=\"3069\" data-end=\"3172\"><strong data-start=\"3069\" data-end=\"3120\">Cookies de mesure d\u2019audience (Google Analytics)<\/strong> : permettent de mieux comprendre l\u2019usage du site.<\/p><\/li><li data-start=\"3173\" data-end=\"3264\"><p data-start=\"3175\" data-end=\"3264\"><strong data-start=\"3175\" data-end=\"3210\">Cookies de s\u00e9curit\u00e9 (Wordfence)<\/strong> : d\u00e9tectent et bloquent les tentatives d\u2019intrusion.<\/p><\/li><\/ul><p data-start=\"3266\" data-end=\"3388\">Lors de votre premi\u00e8re visite, vous pouvez accepter ou refuser l\u2019utilisation des cookies via le bandeau de consentement.<\/p>\t\t\t\t\t\t\t\t<\/div>\n\t\t\t\t<div class=\"elementor-element elementor-element-5baa4c6 elementor-widget-divider--view-line elementor-widget elementor-widget-divider\" data-id=\"5baa4c6\" data-element_type=\"widget\" data-e-type=\"widget\" data-widget_type=\"divider.default\">\n\t\t\t\t\t\t\t<div class=\"elementor-divider\">\n\t\t\t<span class=\"elementor-divider-separator\">\n\t\t\t\t\t\t<\/span>\n\t\t<\/div>\n\t\t\t\t\t\t<\/div>\n\t\t\t\t<div class=\"elementor-element elementor-element-b5dddcc elementor-widget elementor-widget-text-editor\" data-id=\"b5dddcc\" data-element_type=\"widget\" data-e-type=\"widget\" data-widget_type=\"text-editor.default\">\n\t\t\t\t\t\t\t\t\t<h2 data-start=\"3395\" data-end=\"3425\">4. <em>Conservation des donn\u00e9es<\/em><\/h2><ul data-start=\"3427\" data-end=\"3588\"><li data-start=\"3427\" data-end=\"3509\"><p data-start=\"3429\" data-end=\"3509\">Donn\u00e9es du formulaire de contact : maximum <strong data-start=\"3472\" data-end=\"3481\">3 ans<\/strong> apr\u00e8s le dernier \u00e9change.<\/p><\/li><li data-start=\"3510\" data-end=\"3544\"><p data-start=\"3512\" data-end=\"3544\">Cookies : maximum <strong data-start=\"3530\" data-end=\"3541\">13 mois<\/strong>.<\/p><\/li><li data-start=\"3545\" data-end=\"3588\"><p data-start=\"3547\" data-end=\"3588\">Journaux serveur : maximum <strong data-start=\"3574\" data-end=\"3585\">12 mois<\/strong>.<\/p><\/li><\/ul>\t\t\t\t\t\t\t\t<\/div>\n\t\t\t\t<div class=\"elementor-element elementor-element-8c177d0 elementor-widget-divider--view-line elementor-widget elementor-widget-divider\" data-id=\"8c177d0\" data-element_type=\"widget\" data-e-type=\"widget\" data-widget_type=\"divider.default\">\n\t\t\t\t\t\t\t<div class=\"elementor-divider\">\n\t\t\t<span class=\"elementor-divider-separator\">\n\t\t\t\t\t\t<\/span>\n\t\t<\/div>\n\t\t\t\t\t\t<\/div>\n\t\t\t\t<div class=\"elementor-element elementor-element-1a957e4 elementor-widget elementor-widget-text-editor\" data-id=\"1a957e4\" data-element_type=\"widget\" data-e-type=\"widget\" data-widget_type=\"text-editor.default\">\n\t\t\t\t\t\t\t\t\t<h2 data-start=\"3595\" data-end=\"3611\">5. <em>Vos droits<\/em><\/h2><p data-start=\"3613\" data-end=\"3672\">Conform\u00e9ment au RGPD, vous disposez des droits suivants :<\/p><ul data-start=\"3673\" data-end=\"3775\"><li data-start=\"3673\" data-end=\"3723\"><p data-start=\"3675\" data-end=\"3723\">droit d\u2019acc\u00e8s, de rectification, d\u2019effacement,<\/p><\/li><li data-start=\"3724\" data-end=\"3747\"><p data-start=\"3726\" data-end=\"3747\">droit d\u2019opposition,<\/p><\/li><li data-start=\"3748\" data-end=\"3775\"><p data-start=\"3750\" data-end=\"3775\">droit \u00e0 la portabilit\u00e9.<\/p><\/li><\/ul><p data-start=\"3777\" data-end=\"3855\">Pour exercer vos droits, contactez :<br data-start=\"3813\" data-end=\"3816\" \/>\ud83d\udce7 <strong data-start=\"3819\" data-end=\"3853\">ecloreave@gmail.com<\/strong><\/p>\t\t\t\t\t\t\t\t<\/div>\n\t\t\t\t<div class=\"elementor-element elementor-element-6f020ff elementor-widget-divider--view-line elementor-widget elementor-widget-divider\" data-id=\"6f020ff\" data-element_type=\"widget\" data-e-type=\"widget\" data-widget_type=\"divider.default\">\n\t\t\t\t\t\t\t<div class=\"elementor-divider\">\n\t\t\t<span class=\"elementor-divider-separator\">\n\t\t\t\t\t\t<\/span>\n\t\t<\/div>\n\t\t\t\t\t\t<\/div>\n\t\t\t\t<div class=\"elementor-element elementor-element-74c8a2b elementor-widget elementor-widget-text-editor\" data-id=\"74c8a2b\" data-element_type=\"widget\" data-e-type=\"widget\" data-widget_type=\"text-editor.default\">\n\t\t\t\t\t\t\t\t\t<h2 data-start=\"3862\" data-end=\"3893\">6. <em>Responsable du traitement<\/em><\/h2><p data-start=\"3895\" data-end=\"4028\"><strong data-start=\"3895\" data-end=\"3923\">\u00c9cloreave \u2013 Coach de vie<\/strong><br data-start=\"3923\" data-end=\"3926\" \/>Responsable : <strong data-start=\"3940\" data-end=\"3962\">Vanessa Painvin<\/strong><br data-start=\"3962\" data-end=\"3965\" \/>Email : <strong data-start=\"3973\" data-end=\"3988\">ecloreave@gmail.com<\/strong><br data-start=\"3988\" data-end=\"3991\" \/>Adresse : <strong data-start=\"4001\" data-end=\"4026\">108 rue de la walck, 67350 Val de moder<\/strong><\/p>\t\t\t\t\t\t\t\t<\/div>\n\t\t\t\t<div class=\"elementor-element elementor-element-1ac7e98 elementor-widget-divider--view-line elementor-widget elementor-widget-divider\" data-id=\"1ac7e98\" data-element_type=\"widget\" data-e-type=\"widget\" data-widget_type=\"divider.default\">\n\t\t\t\t\t\t\t<div class=\"elementor-divider\">\n\t\t\t<span class=\"elementor-divider-separator\">\n\t\t\t\t\t\t<\/span>\n\t\t<\/div>\n\t\t\t\t\t\t<\/div>\n\t\t\t\t<div class=\"elementor-element elementor-element-b2a1002 elementor-widget elementor-widget-text-editor\" data-id=\"b2a1002\" data-element_type=\"widget\" data-e-type=\"widget\" data-widget_type=\"text-editor.default\">\n\t\t\t\t\t\t\t\t\t<h2 data-start=\"2712\" data-end=\"2746\">\ud83d\udcc5 Derni\u00e8re mise \u00e0 jour : 21\/08\/2025<\/h2>\t\t\t\t\t\t\t\t<\/div>\n\t\t\t\t\t<\/div>\n\t\t\t\t<\/div>\n\t\t\t\t\t<\/div>\n\t\t\t\t<\/div>\n\t\t\t\t\t<\/div>\n\t\t\t\t<\/div>\n\t\t\t\t\t<\/div>\n\t\t\t\t<\/div>\n\t\t<div class=\"elementor-element elementor-element-16b485f e-flex e-con-boxed e-con e-parent\" data-id=\"16b485f\" data-element_type=\"container\" data-e-type=\"container\">\n\t\t\t\t\t<div class=\"e-con-inner\">\n\t\t\t\t<div class=\"elementor-element elementor-element-6774f5d elementor-widget elementor-widget-spacer\" data-id=\"6774f5d\" data-element_type=\"widget\" data-e-type=\"widget\" data-widget_type=\"spacer.default\">\n\t\t\t\t\t\t\t<div class=\"elementor-spacer\">\n\t\t\t<div class=\"elementor-spacer-inner\"><\/div>\n\t\t<\/div>\n\t\t\t\t\t\t<\/div>\n\t\t\t\t\t<\/div>\n\t\t\t\t<\/div>\n\t\t\t\t<\/div>\n\t\t","protected":false},"excerpt":{"rendered":"<p>\u00c9cloR\u00e9ave \ud83d\udd12 Politique de confidentialit\u00e9 \u2013 \u00c9cloreave La pr\u00e9sente politique de confidentialit\u00e9 a pour but d\u2019informer les visiteurs du site [&hellip;]<\/p>\n","protected":false},"author":1,"featured_media":0,"parent":0,"menu_order":0,"comment_status":"closed","ping_status":"closed","template":"","meta":{"site-sidebar-layout":"no-sidebar","site-content-layout":"","ast-site-content-layout":"full-width-container","site-content-style":"default","site-sidebar-style":"default","ast-global-header-display":"","ast-banner-title-visibility":"","ast-main-header-display":"","ast-hfb-above-header-display":"","ast-hfb-below-header-display":"","ast-hfb-mobile-header-display":"","site-post-title":"disabled","ast-breadcrumbs-content":"","ast-featured-img":"disabled","footer-sml-layout":"","ast-disable-related-posts":"","theme-transparent-header-meta":"","adv-header-id-meta":"","stick-header-meta":"","header-above-stick-meta":"","header-main-stick-meta":"","header-below-stick-meta":"","astra-migrate-meta-layouts":"default","ast-page-background-enabled":"default","ast-page-background-meta":{"desktop":{"background-color":"var(--ast-global-color-5)","background-image":"","background-repeat":"repeat","background-position":"center center","background-size":"auto","background-attachment":"scroll","background-type":"","background-media":"","overlay-type":"","overlay-color":"","overlay-opacity":"","overlay-gradient":""},"tablet":{"background-color":"","background-image":"","background-repeat":"repeat","background-position":"center center","background-size":"auto","background-attachment":"scroll","background-type":"","background-media":"","overlay-type":"","overlay-color":"","overlay-opacity":"","overlay-gradient":""},"mobile":{"background-color":"","background-image":"","background-repeat":"repeat","background-position":"center center","background-size":"auto","background-attachment":"scroll","background-type":"","background-media":"","overlay-type":"","overlay-color":"","overlay-opacity":"","overlay-gradient":""}},"ast-content-background-meta":{"desktop":{"background-color":"var(--ast-global-color-4)","background-image":"","background-repeat":"repeat","background-position":"center center","background-size":"auto","background-attachment":"scroll","background-type":"","background-media":"","overlay-type":"","overlay-color":"","overlay-opacity":"","overlay-gradient":""},"tablet":{"background-color":"var(--ast-global-color-4)","background-image":"","background-repeat":"repeat","background-position":"center center","background-size":"auto","background-attachment":"scroll","background-type":"","background-media":"","overlay-type":"","overlay-color":"","overlay-opacity":"","overlay-gradient":""},"mobile":{"background-color":"var(--ast-global-color-4)","background-image":"","background-repeat":"repeat","background-position":"center center","background-size":"auto","background-attachment":"scroll","background-type":"","background-media":"","overlay-type":"","overlay-color":"","overlay-opacity":"","overlay-gradient":""}},"footnotes":""},"class_list":["post-995","page","type-page","status-publish","hentry"],"_links":{"self":[{"href":"https:\/\/ecloreave.fr\/index.php\/wp-json\/wp\/v2\/pages\/995","targetHints":{"allow":["GET"]}}],"collection":[{"href":"https:\/\/ecloreave.fr\/index.php\/wp-json\/wp\/v2\/pages"}],"about":[{"href":"https:\/\/ecloreave.fr\/index.php\/wp-json\/wp\/v2\/types\/page"}],"author":[{"embeddable":true,"href":"https:\/\/ecloreave.fr\/index.php\/wp-json\/wp\/v2\/users\/1"}],"replies":[{"embeddable":true,"href":"https:\/\/ecloreave.fr\/index.php\/wp-json\/wp\/v2\/comments?post=995"}],"version-history":[{"count":22,"href":"https:\/\/ecloreave.fr\/index.php\/wp-json\/wp\/v2\/pages\/995\/revisions"}],"predecessor-version":[{"id":1036,"href":"https:\/\/ecloreave.fr\/index.php\/wp-json\/wp\/v2\/pages\/995\/revisions\/1036"}],"wp:attachment":[{"href":"https:\/\/ecloreave.fr\/index.php\/wp-json\/wp\/v2\/media?parent=995"}],"curies":[{"name":"wp","href":"https:\/\/api.w.org\/{rel}","templated":true}]}}